{"id":1864,"date":"2017-04-21T00:46:59","date_gmt":"2017-04-21T04:46:59","guid":{"rendered":"http:\/\/gadcojimies.gob.ec\/manabi\/?page_id=1864"},"modified":"2017-04-21T00:46:59","modified_gmt":"2017-04-21T04:46:59","slug":"objetivos-del-gad-parroquial-de-cojimies","status":"publish","type":"page","link":"https:\/\/gadcojimies.gob.ec\/manabi\/objetivos-del-gad-parroquial-de-cojimies\/","title":{"rendered":"OBJETIVOS DEL GAD PARROQUIAL DE COJIMIES"},"content":{"rendered":"<p><strong><u>OBJETIVO GENERAL<\/u><\/strong><\/p>\n<p>El objetivo central es mejorar la calidad de vida de todos los ciudadanos de la parroquia rural creando una sociedad participativa, con la implementaci\u00f3n de procesos de formaci\u00f3n permanente que generen respuestas oportunas ante diversas situaciones sociales, econ\u00f3micas y pol\u00edticas.<\/p>\n<p><strong><u>OBJETIVOS ESPEC\u00cdFICOS<\/u><\/strong><\/p>\n<ul>\n<li>Planificar el desarrollo parroquial y su correspondiente ordenamiento territorial.<\/li>\n<\/ul>\n<ul>\n<li>Planificar, construir y mantener la Infraestructura f\u00edsica, los equipamientos y los espacios p\u00fablicos de la parroquia.<\/li>\n<li>Gestionar, coordinar y administrar los servicios p\u00fablicos que le sean delegados o descentralizados por otros niveles de gobierno.<\/li>\n<li>Promover la organizaci\u00f3n de los ciudadanos de las comunas, recintos y dem\u00e1s asentamientos rurales, con el car\u00e1cter de organizaciones territoriales de base.\n<p>Vigilar la ejecuci\u00f3n de obras y la calidad de los servicios p\u00fablicos.<\/li>\n<li><\/li>\n<li>Mejoramiento de nivel de vida de los habitantes de toda la parroquia mediante uso adecuado de recursos y el desarrollo de nuevas alternativas productivas.<\/li>\n<li>Mejoramiento de las v\u00edas de comunicaci\u00f3n a las comunidades, en coordinaci\u00f3n con el gobierno provincial, cantonal y gobierno central.<\/li>\n<li>Fortalecer la participaci\u00f3n ciudadana a trav\u00e9s de las capacidades humanas, para un desarrollo arm\u00f3nico y mancomunado de toda la poblaci\u00f3n.<\/li>\n<li>Fomentar la toma de decisi\u00f3n un\u00e1nime, que garantice el desarrollo arm\u00f3nico de la parroquia.<\/li>\n<\/ul>\n","protected":false},"excerpt":{"rendered":"<p>OBJETIVO GENERAL El objetivo central es mejorar la calidad de vida de todos los ciudadanos de la parroquia rural creando una sociedad participativa, con la implementaci\u00f3n de procesos de formaci\u00f3n permanente que generen respuestas oportunas ante diversas situaciones sociales, econ\u00f3micas y pol\u00edticas. OBJETIVOS ESPEC\u00cdFICOS Planificar el desarrollo parroquial y su correspondiente ordenamiento territorial. Planificar, construir [&hellip;]<\/p>\n","protected":false},"author":6,"featured_media":0,"parent":0,"menu_order":0,"comment_status":"closed","ping_status":"closed","template":"","meta":{"_gspb_post_css":"","site-sidebar-layout":"default","site-content-layout":"","ast-site-content-layout":"","site-content-style":"default","site-sidebar-style":"default","ast-global-header-display":"","ast-banner-title-visibility":"","ast-main-header-display":"","ast-hfb-above-header-display":"","ast-hfb-below-header-display":"","ast-hfb-mobile-header-display":"","site-post-title":"","ast-breadcrumbs-content":"","ast-featured-img":"","footer-sml-layout":"","theme-transparent-header-meta":"","adv-header-id-meta":"","stick-header-meta":"","header-above-stick-meta":"","header-main-stick-meta":"","header-below-stick-meta":"","astra-migrate-meta-layouts":"default","ast-page-background-enabled":"default","ast-page-background-meta":{"desktop":{"background-color":"var(--ast-global-color-4)","background-image":"","background-repeat":"repeat","background-position":"center center","background-size":"auto","background-attachment":"scroll","background-type":"","background-media":"","overlay-type":"","overlay-color":"","overlay-opacity":"","overlay-gradient":""},"tablet":{"background-color":"","background-image":"","background-repeat":"repeat","background-position":"center center","background-size":"auto","background-attachment":"scroll","background-type":"","background-media":"","overlay-type":"","overlay-color":"","overlay-opacity":"","overlay-gradient":""},"mobile":{"background-color":"","background-image":"","background-repeat":"repeat","background-position":"center center","background-size":"auto","background-attachment":"scroll","background-type":"","background-media":"","overlay-type":"","overlay-color":"","overlay-opacity":"","overlay-gradient":""}},"ast-content-background-meta":{"desktop":{"background-color":"var(--ast-global-color-5)","background-image":"","background-repeat":"repeat","background-position":"center center","background-size":"auto","background-attachment":"scroll","background-type":"","background-media":"","overlay-type":"","overlay-color":"","overlay-opacity":"","overlay-gradient":""},"tablet":{"background-color":"var(--ast-global-color-5)","background-image":"","background-repeat":"repeat","background-position":"center center","background-size":"auto","background-attachment":"scroll","background-type":"","background-media":"","overlay-type":"","overlay-color":"","overlay-opacity":"","overlay-gradient":""},"mobile":{"background-color":"var(--ast-global-color-5)","background-image":"","background-repeat":"repeat","background-position":"center center","background-size":"auto","background-attachment":"scroll","background-type":"","background-media":"","overlay-type":"","overlay-color":"","overlay-opacity":"","overlay-gradient":""}},"footnotes":""},"class_list":["post-1864","page","type-page","status-publish","hentry"],"yoast_head":"<!-- This site is optimized with the Yoast SEO plugin v17.8 - https:\/\/yoast.com\/wordpress\/plugins\/seo\/ -->\n<title>OBJETIVOS DEL GAD PARROQUIAL DE COJIMIES -<\/title>\n<meta name=\"robots\" content=\"index, follow, max-snippet:-1, max-image-preview:large, max-video-preview:-1\" \/>\n<link rel=\"canonical\" href=\"https:\/\/gadcojimies.gob.ec\/manabi\/objetivos-del-gad-parroquial-de-cojimies\/\" \/>\n<meta property=\"og:locale\" content=\"es_ES\" \/>\n<meta property=\"og:type\" content=\"article\" \/>\n<meta property=\"og:title\" content=\"OBJETIVOS DEL GAD PARROQUIAL DE COJIMIES -\" \/>\n<meta property=\"og:description\" content=\"OBJETIVO GENERAL El objetivo central es mejorar la calidad de vida de todos los ciudadanos de la parroquia rural creando una sociedad participativa, con la implementaci\u00f3n de procesos de formaci\u00f3n permanente que generen respuestas oportunas ante diversas situaciones sociales, econ\u00f3micas y pol\u00edticas. OBJETIVOS ESPEC\u00cdFICOS Planificar el desarrollo parroquial y su correspondiente ordenamiento territorial. Planificar, construir [&hellip;]\" \/>\n<meta property=\"og:url\" content=\"https:\/\/gadcojimies.gob.ec\/manabi\/objetivos-del-gad-parroquial-de-cojimies\/\" \/>\n<meta name=\"twitter:card\" content=\"summary_large_image\" \/>\n<meta name=\"twitter:label1\" content=\"Tiempo de lectura\" \/>\n\t<meta name=\"twitter:data1\" content=\"1 minuto\" \/>\n<script type=\"application\/ld+json\" class=\"yoast-schema-graph\">{\"@context\":\"https:\/\/schema.org\",\"@graph\":[{\"@type\":\"Organization\",\"@id\":\"https:\/\/gadcojimies.gob.ec\/manabi\/#organization\",\"name\":\"GAD Parroquial de Cojimies Manabi\",\"url\":\"https:\/\/gadcojimies.gob.ec\/manabi\/\",\"sameAs\":[],\"logo\":{\"@type\":\"ImageObject\",\"@id\":\"https:\/\/gadcojimies.gob.ec\/manabi\/#logo\",\"inLanguage\":\"es\",\"url\":\"https:\/\/gadcojimies.gob.ec\/manabi\/wp-content\/uploads\/2020\/03\/logoFooterAncho.png\",\"contentUrl\":\"https:\/\/gadcojimies.gob.ec\/manabi\/wp-content\/uploads\/2020\/03\/logoFooterAncho.png\",\"width\":220,\"height\":140,\"caption\":\"GAD Parroquial de Cojimies Manabi\"},\"image\":{\"@id\":\"https:\/\/gadcojimies.gob.ec\/manabi\/#logo\"}},{\"@type\":\"WebSite\",\"@id\":\"https:\/\/gadcojimies.gob.ec\/manabi\/#website\",\"url\":\"https:\/\/gadcojimies.gob.ec\/manabi\/\",\"name\":\"GAD parroquial de Cojim\\u00edes Manabi\",\"description\":\"Sitio Oficial de la Parroquia de Cojim\\u00edes Manabi\",\"publisher\":{\"@id\":\"https:\/\/gadcojimies.gob.ec\/manabi\/#organization\"},\"potentialAction\":[{\"@type\":\"SearchAction\",\"target\":{\"@type\":\"EntryPoint\",\"urlTemplate\":\"https:\/\/gadcojimies.gob.ec\/manabi\/?s={search_term_string}\"},\"query-input\":\"required name=search_term_string\"}],\"inLanguage\":\"es\"},{\"@type\":\"WebPage\",\"@id\":\"https:\/\/gadcojimies.gob.ec\/manabi\/objetivos-del-gad-parroquial-de-cojimies\/#webpage\",\"url\":\"https:\/\/gadcojimies.gob.ec\/manabi\/objetivos-del-gad-parroquial-de-cojimies\/\",\"name\":\"OBJETIVOS DEL GAD PARROQUIAL DE COJIMIES -\",\"isPartOf\":{\"@id\":\"https:\/\/gadcojimies.gob.ec\/manabi\/#website\"},\"datePublished\":\"2017-04-21T04:46:59+00:00\",\"dateModified\":\"2017-04-21T04:46:59+00:00\",\"breadcrumb\":{\"@id\":\"https:\/\/gadcojimies.gob.ec\/manabi\/objetivos-del-gad-parroquial-de-cojimies\/#breadcrumb\"},\"inLanguage\":\"es\",\"potentialAction\":[{\"@type\":\"ReadAction\",\"target\":[\"https:\/\/gadcojimies.gob.ec\/manabi\/objetivos-del-gad-parroquial-de-cojimies\/\"]}]},{\"@type\":\"BreadcrumbList\",\"@id\":\"https:\/\/gadcojimies.gob.ec\/manabi\/objetivos-del-gad-parroquial-de-cojimies\/#breadcrumb\",\"itemListElement\":[{\"@type\":\"ListItem\",\"position\":1,\"name\":\"Home\",\"item\":\"https:\/\/gadcojimies.gob.ec\/manabi\/\"},{\"@type\":\"ListItem\",\"position\":2,\"name\":\"OBJETIVOS DEL GAD PARROQUIAL DE COJIMIES\"}]}]}<\/script>\n<!-- \/ Yoast SEO plugin. -->","yoast_head_json":{"title":"OBJETIVOS DEL GAD PARROQUIAL DE COJIMIES -","robots":{"index":"index","follow":"follow","max-snippet":"max-snippet:-1","max-image-preview":"max-image-preview:large","max-video-preview":"max-video-preview:-1"},"canonical":"https:\/\/gadcojimies.gob.ec\/manabi\/objetivos-del-gad-parroquial-de-cojimies\/","og_locale":"es_ES","og_type":"article","og_title":"OBJETIVOS DEL GAD PARROQUIAL DE COJIMIES -","og_description":"OBJETIVO GENERAL El objetivo central es mejorar la calidad de vida de todos los ciudadanos de la parroquia rural creando una sociedad participativa, con la implementaci\u00f3n de procesos de formaci\u00f3n permanente que generen respuestas oportunas ante diversas situaciones sociales, econ\u00f3micas y pol\u00edticas. OBJETIVOS ESPEC\u00cdFICOS Planificar el desarrollo parroquial y su correspondiente ordenamiento territorial. Planificar, construir [&hellip;]","og_url":"https:\/\/gadcojimies.gob.ec\/manabi\/objetivos-del-gad-parroquial-de-cojimies\/","twitter_card":"summary_large_image","twitter_misc":{"Tiempo de lectura":"1 minuto"},"schema":{"@context":"https:\/\/schema.org","@graph":[{"@type":"Organization","@id":"https:\/\/gadcojimies.gob.ec\/manabi\/#organization","name":"GAD Parroquial de Cojimies Manabi","url":"https:\/\/gadcojimies.gob.ec\/manabi\/","sameAs":[],"logo":{"@type":"ImageObject","@id":"https:\/\/gadcojimies.gob.ec\/manabi\/#logo","inLanguage":"es","url":"https:\/\/gadcojimies.gob.ec\/manabi\/wp-content\/uploads\/2020\/03\/logoFooterAncho.png","contentUrl":"https:\/\/gadcojimies.gob.ec\/manabi\/wp-content\/uploads\/2020\/03\/logoFooterAncho.png","width":220,"height":140,"caption":"GAD Parroquial de Cojimies Manabi"},"image":{"@id":"https:\/\/gadcojimies.gob.ec\/manabi\/#logo"}},{"@type":"WebSite","@id":"https:\/\/gadcojimies.gob.ec\/manabi\/#website","url":"https:\/\/gadcojimies.gob.ec\/manabi\/","name":"GAD parroquial de Cojim\u00edes Manabi","description":"Sitio Oficial de la Parroquia de Cojim\u00edes Manabi","publisher":{"@id":"https:\/\/gadcojimies.gob.ec\/manabi\/#organization"},"potentialAction":[{"@type":"SearchAction","target":{"@type":"EntryPoint","urlTemplate":"https:\/\/gadcojimies.gob.ec\/manabi\/?s={search_term_string}"},"query-input":"required name=search_term_string"}],"inLanguage":"es"},{"@type":"WebPage","@id":"https:\/\/gadcojimies.gob.ec\/manabi\/objetivos-del-gad-parroquial-de-cojimies\/#webpage","url":"https:\/\/gadcojimies.gob.ec\/manabi\/objetivos-del-gad-parroquial-de-cojimies\/","name":"OBJETIVOS DEL GAD PARROQUIAL DE COJIMIES -","isPartOf":{"@id":"https:\/\/gadcojimies.gob.ec\/manabi\/#website"},"datePublished":"2017-04-21T04:46:59+00:00","dateModified":"2017-04-21T04:46:59+00:00","breadcrumb":{"@id":"https:\/\/gadcojimies.gob.ec\/manabi\/objetivos-del-gad-parroquial-de-cojimies\/#breadcrumb"},"inLanguage":"es","potentialAction":[{"@type":"ReadAction","target":["https:\/\/gadcojimies.gob.ec\/manabi\/objetivos-del-gad-parroquial-de-cojimies\/"]}]},{"@type":"BreadcrumbList","@id":"https:\/\/gadcojimies.gob.ec\/manabi\/objetivos-del-gad-parroquial-de-cojimies\/#breadcrumb","itemListElement":[{"@type":"ListItem","position":1,"name":"Home","item":"https:\/\/gadcojimies.gob.ec\/manabi\/"},{"@type":"ListItem","position":2,"name":"OBJETIVOS DEL GAD PARROQUIAL DE COJIMIES"}]}]}},"_links":{"self":[{"href":"https:\/\/gadcojimies.gob.ec\/manabi\/wp-json\/wp\/v2\/pages\/1864","targetHints":{"allow":["GET"]}}],"collection":[{"href":"https:\/\/gadcojimies.gob.ec\/manabi\/wp-json\/wp\/v2\/pages"}],"about":[{"href":"https:\/\/gadcojimies.gob.ec\/manabi\/wp-json\/wp\/v2\/types\/page"}],"author":[{"embeddable":true,"href":"https:\/\/gadcojimies.gob.ec\/manabi\/wp-json\/wp\/v2\/users\/6"}],"replies":[{"embeddable":true,"href":"https:\/\/gadcojimies.gob.ec\/manabi\/wp-json\/wp\/v2\/comments?post=1864"}],"version-history":[{"count":1,"href":"https:\/\/gadcojimies.gob.ec\/manabi\/wp-json\/wp\/v2\/pages\/1864\/revisions"}],"predecessor-version":[{"id":1865,"href":"https:\/\/gadcojimies.gob.ec\/manabi\/wp-json\/wp\/v2\/pages\/1864\/revisions\/1865"}],"wp:attachment":[{"href":"https:\/\/gadcojimies.gob.ec\/manabi\/wp-json\/wp\/v2\/media?parent=1864"}],"curies":[{"name":"wp","href":"https:\/\/api.w.org\/{rel}","templated":true}]}}