{"id":3175,"date":"2019-08-15T12:44:31","date_gmt":"2019-08-15T16:44:31","guid":{"rendered":"http:\/\/gadcojimies.gob.ec\/manabi\/?page_id=3175"},"modified":"2019-08-28T09:03:43","modified_gmt":"2019-08-28T13:03:43","slug":"festival-de-la-corvina-y-el-robalo","status":"publish","type":"page","link":"https:\/\/gadcojimies.gob.ec\/manabi\/festival-de-la-corvina-y-el-robalo\/","title":{"rendered":"SOMOS EL CAMBIO"},"content":{"rendered":"<h3>ECOS DEL FESTIVAL<\/h3>\n<p>Click: <a href=\"https:\/\/www.facebook.com\/gobiernoautonomo.descentralizadoparroquialcojimies\/videos\/2733332880044772\/\"><strong>Video<\/strong>\u00a0<\/a><\/p>\n<p><img loading=\"lazy\" decoding=\"async\" class=\"alignnone size-medium wp-image-3236 aligncenter\" src=\"http:\/\/gadcojimies.gob.ec\/manabi\/wp-content\/uploads\/2014\/10\/premios-550x285.png\" alt=\"\" width=\"550\" height=\"285\" data-id=\"3236\" srcset=\"https:\/\/gadcojimies.gob.ec\/manabi\/wp-content\/uploads\/2014\/10\/premios-550x285.png 550w, https:\/\/gadcojimies.gob.ec\/manabi\/wp-content\/uploads\/2014\/10\/premios.png 700w\" sizes=\"auto, (max-width: 550px) 100vw, 550px\" \/><\/p>\n<h3><strong>MEDIOS NACIONALES DIFUNDEN EL \u00c9XITO DEL FESTIVAL DE LA CORVINA Y EL ROBALO<\/strong><\/h3>\n<p>Gracias a Teleamazonas por la difusi\u00f3n del evento de pesca deportiva de mayor tradici\u00f3n del pa\u00eds, Festival de la Corvina y el Robalo, Cojim\u00edes 2019.\u00a0 \u00a0 \u00a0 Click: <strong><a href=\"https:\/\/www.youtube.com\/watch?v=VOKWfdbOLXo&amp;feature=youtu.be\">Video<\/a><\/strong><\/p>\n<p><img loading=\"lazy\" decoding=\"async\" class=\"size-medium wp-image-3232 aligncenter\" src=\"http:\/\/gadcojimies.gob.ec\/manabi\/wp-content\/uploads\/2014\/10\/teleamazonas-550x314.png\" alt=\"\" width=\"550\" height=\"314\" data-id=\"3232\" srcset=\"https:\/\/gadcojimies.gob.ec\/manabi\/wp-content\/uploads\/2014\/10\/teleamazonas-550x314.png 550w, https:\/\/gadcojimies.gob.ec\/manabi\/wp-content\/uploads\/2014\/10\/teleamazonas.png 692w\" sizes=\"auto, (max-width: 550px) 100vw, 550px\" \/><\/p>\n<p><img loading=\"lazy\" decoding=\"async\" class=\"alignnone size-medium wp-image-3230 aligncenter\" src=\"http:\/\/gadcojimies.gob.ec\/manabi\/wp-content\/uploads\/2014\/10\/boletin-550x778.jpg\" alt=\"\" width=\"550\" height=\"778\" data-id=\"3230\" srcset=\"https:\/\/gadcojimies.gob.ec\/manabi\/wp-content\/uploads\/2014\/10\/boletin-550x778.jpg 550w, https:\/\/gadcojimies.gob.ec\/manabi\/wp-content\/uploads\/2014\/10\/boletin.jpg 679w\" sizes=\"auto, (max-width: 550px) 100vw, 550px\" \/><\/p>\n<h3><strong>Festival de la Corvina y el Robalo, Cojim\u00edes 2019<\/strong><\/h3>\n<p><img loading=\"lazy\" decoding=\"async\" class=\"alignnone size-medium wp-image-3219 aligncenter\" src=\"http:\/\/gadcojimies.gob.ec\/manabi\/wp-content\/uploads\/2014\/10\/ganadorescorvina-550x319.jpg\" sizes=\"auto, (max-width: 550px) 100vw, 550px\" srcset=\"http:\/\/gadcojimies.gob.ec\/manabi\/wp-content\/uploads\/2014\/10\/ganadorescorvina-550x319.jpg 550w, http:\/\/gadcojimies.gob.ec\/manabi\/wp-content\/uploads\/2014\/10\/ganadorescorvina.jpg 700w\" alt=\"\" width=\"550\" height=\"319\" data-id=\"3219\" \/><\/p>\n<p>El Gobierno Parroquial de Cojm\u00edes agradece a todos quienes han formado parte de la edici\u00f3n N\u00b0 XIX del evento de pesca deportiva de mayor tradici\u00f3n del Ecuador.<\/p>\n<p>Gracias, nos vemos en la pr\u00f3xima edici\u00f3n..!<\/p>\n<p>Click:\u00a0<strong><a href=\"https:\/\/www.facebook.com\/gobiernoautonomo.descentralizadoparroquialcojimies\/posts\/2727476700630390\">Im\u00e1genes<\/a><\/strong><\/p>\n<p><img loading=\"lazy\" decoding=\"async\" class=\"alignnone size-medium wp-image-2988 aligncenter\" src=\"http:\/\/gadcojimies.gob.ec\/manabi\/wp-content\/uploads\/2014\/10\/BANNER2-550x50.jpg\" alt=\"\" width=\"550\" height=\"50\" data-id=\"2988\" srcset=\"https:\/\/gadcojimies.gob.ec\/manabi\/wp-content\/uploads\/2014\/10\/BANNER2-550x50.jpg 550w, https:\/\/gadcojimies.gob.ec\/manabi\/wp-content\/uploads\/2014\/10\/BANNER2.jpg 564w\" sizes=\"auto, (max-width: 550px) 100vw, 550px\" \/><\/p>\n<p>Cojim\u00edes los espera a todos con los brazos abiertos&#8230; Festival de la Corvina y el Robalo..!<\/p>\n<p><img loading=\"lazy\" decoding=\"async\" class=\"alignnone size-medium wp-image-3176 aligncenter\" src=\"http:\/\/gadcojimies.gob.ec\/manabi\/wp-content\/uploads\/2019\/08\/IMG-20190815-WA0014-550x413.jpg\" alt=\"\" width=\"550\" height=\"413\" data-id=\"3176\" srcset=\"https:\/\/gadcojimies.gob.ec\/manabi\/wp-content\/uploads\/2019\/08\/IMG-20190815-WA0014-550x413.jpg 550w, https:\/\/gadcojimies.gob.ec\/manabi\/wp-content\/uploads\/2019\/08\/IMG-20190815-WA0014.jpg 700w\" sizes=\"auto, (max-width: 550px) 100vw, 550px\" \/><\/p>\n<p>Click: <strong><a href=\"https:\/\/www.facebook.com\/gobiernoautonomo.descentralizadoparroquialcojimies\/videos\/2724776444233749\/\">VIDEO<\/a><\/strong><\/p>\n<p>Estos son los premios para el Festival de la Corvina y el Robalo, Cojim\u00edes 2019 y pueden ser tuyos.! Que esperas para ser parte del evento de pesca deportiva con mayor tradici\u00f3n.<\/p>\n<p><img loading=\"lazy\" decoding=\"async\" class=\"size-medium wp-image-3209 aligncenter\" src=\"http:\/\/gadcojimies.gob.ec\/manabi\/wp-content\/uploads\/2014\/10\/PREMIOS-490x800.jpg\" alt=\"\" width=\"490\" height=\"800\" data-id=\"3209\" srcset=\"https:\/\/gadcojimies.gob.ec\/manabi\/wp-content\/uploads\/2014\/10\/PREMIOS-490x800.jpg 490w, https:\/\/gadcojimies.gob.ec\/manabi\/wp-content\/uploads\/2014\/10\/PREMIOS.jpg 568w\" sizes=\"auto, (max-width: 490px) 100vw, 490px\" \/><\/p>\n<p>Click:\u00a0<strong><a href=\"https:\/\/www.facebook.com\/gobiernoautonomo.descentralizadoparroquialcojimies\/posts\/2725407530837307\">Im\u00e1genes<\/a>\u00a0<\/strong><\/p>\n<hr \/>\n<h3><strong>AZUQUITO TE PONE A BAILAR \u2026!<\/strong><\/h3>\n<p><img loading=\"lazy\" decoding=\"async\" class=\"alignnone size-full wp-image-3212 aligncenter\" src=\"http:\/\/gadcojimies.gob.ec\/manabi\/wp-content\/uploads\/2014\/10\/azuquito.png\" alt=\"\" width=\"518\" height=\"285\" data-id=\"3212\" \/><\/p>\n<p>Te esperamos este 24 de agosto en el Festival de la Corvina y el Robalo en Cojim\u00edes.<\/p>\n<p>El evento de pesca deportiva de mayor tradici\u00f3n..!<\/p>\n<p>Click:\u00a0<strong><a href=\"https:\/\/www.facebook.com\/gobiernoautonomo.descentralizadoparroquialcojimies\/videos\/2723475717697155\/\">VIDEO<\/a><\/strong><\/p>\n<hr \/>\n<p>El sabor estar\u00e1 a cargo de La Kuty &amp; La Chicho, la salsa choke el ritmo que te pone a bailar..!<\/p>\n<p><img loading=\"lazy\" decoding=\"async\" class=\"alignnone size-full wp-image-3200 aligncenter\" src=\"http:\/\/gadcojimies.gob.ec\/manabi\/wp-content\/uploads\/2019\/08\/lakuty.png\" alt=\"\" width=\"367\" height=\"356\" data-id=\"3200\" \/><\/p>\n<p>Te esperamos este 24 de agosto en el Festival de la Corvina y el Robalo en Cojim\u00edes.<\/p>\n<p>El evento de pesca deportiva de mayor tradici\u00f3n..!<\/p>\n<p>Click: <strong><a href=\"https:\/\/www.facebook.com\/gobiernoautonomo.descentralizadoparroquialcojimies\/videos\/2721851467859580\/\">VIDEO<\/a><\/strong><\/p>\n<p><img loading=\"lazy\" decoding=\"async\" class=\"alignnone size-medium wp-image-2988 aligncenter\" src=\"http:\/\/gadcojimies.gob.ec\/manabi\/wp-content\/uploads\/2014\/10\/BANNER2-550x50.jpg\" alt=\"\" width=\"550\" height=\"50\" data-id=\"2988\" srcset=\"https:\/\/gadcojimies.gob.ec\/manabi\/wp-content\/uploads\/2014\/10\/BANNER2-550x50.jpg 550w, https:\/\/gadcojimies.gob.ec\/manabi\/wp-content\/uploads\/2014\/10\/BANNER2.jpg 564w\" sizes=\"auto, (max-width: 550px) 100vw, 550px\" \/><\/p>\n<hr \/>\n<p>El\u00a0<a class=\"profileLink\" href=\"https:\/\/www.facebook.com\/mapaleoficial\/?__tn__=K-R&amp;eid=ARAviZew9ROCy0WcDlf3_W-nVTtRkOjSvY9C04xNzCoFx8xu84GkicFzd50BNjmncGTqFlRFiNI1AuDn&amp;fref=mentions&amp;__xts__%5B0%5D=68.ARDz0ZorpZtBfshgdSA9GirG8kWWaDR9NnNIc_-EsmCPyicG_Uz2l7Mxe12ixDEUrHwgTKU2rkdKG0an5EPat0bjCofVV6F49Uf5vEwd5YBoucS8AI2oUO8_g4Dse2kLJNGnCkxdbJubh2ezg6uOTh_7jk4qrtpG03lRfz8iQKHLth_9U9WWDT3rloLmsBf7kpC7pPtJHVCCXMFKLfacImaTUNt_\" data-hovercard=\"\/ajax\/hovercard\/page.php?id=287572131260937&amp;extragetparams=%7B%22__tn__%22%3A%22%2CdK-R-R%22%2C%22eid%22%3A%22ARAviZew9ROCy0WcDlf3_W-nVTtRkOjSvY9C04xNzCoFx8xu84GkicFzd50BNjmncGTqFlRFiNI1AuDn%22%2C%22fref%22%3A%22mentions%22%7D\" data-hovercard-prefer-more-content-show=\"1\">Grupo Mapale<\/a>\u00a0ser\u00e1n los invitados para poner a gozar a todos..!<\/p>\n<p><img loading=\"lazy\" decoding=\"async\" class=\"alignnone size-medium wp-image-3198 aligncenter\" src=\"http:\/\/gadcojimies.gob.ec\/manabi\/wp-content\/uploads\/2019\/08\/mapale-550x316.png\" alt=\"\" width=\"550\" height=\"316\" data-id=\"3198\" srcset=\"https:\/\/gadcojimies.gob.ec\/manabi\/wp-content\/uploads\/2019\/08\/mapale-550x316.png 550w, https:\/\/gadcojimies.gob.ec\/manabi\/wp-content\/uploads\/2019\/08\/mapale.png 678w\" sizes=\"auto, (max-width: 550px) 100vw, 550px\" \/><br \/>\nTe esperamos este 24 de agosto en el Festival de la Corvina y el Robalo en Cojim\u00edes.<\/p>\n<p>Click:\u00a0<strong><a href=\"https:\/\/www.facebook.com\/gobiernoautonomo.descentralizadoparroquialcojimies\/videos\/2719952768049450\/\">VIDEO<\/a><\/strong><\/p>\n<p><img loading=\"lazy\" decoding=\"async\" class=\"alignnone size-medium wp-image-2988 aligncenter\" src=\"http:\/\/gadcojimies.gob.ec\/manabi\/wp-content\/uploads\/2014\/10\/BANNER2-550x50.jpg\" alt=\"\" width=\"550\" height=\"50\" data-id=\"2988\" srcset=\"https:\/\/gadcojimies.gob.ec\/manabi\/wp-content\/uploads\/2014\/10\/BANNER2-550x50.jpg 550w, https:\/\/gadcojimies.gob.ec\/manabi\/wp-content\/uploads\/2014\/10\/BANNER2.jpg 564w\" sizes=\"auto, (max-width: 550px) 100vw, 550px\" \/><\/p>\n<hr \/>\n<p>En el Festival de la Corvina y el Robalo, a realizarse en Cojim\u00edes este 24 de agosto; los deportes acu\u00e1ticos ser\u00e1n parte un show nunca antes visto en la parroquia; competencia de wakeboard, competencia de motos acu\u00e1ticas y exhibici\u00f3n de flyboard.<\/p>\n<p><img loading=\"lazy\" decoding=\"async\" class=\"alignnone size-medium wp-image-3196 aligncenter\" src=\"http:\/\/gadcojimies.gob.ec\/manabi\/wp-content\/uploads\/2019\/08\/69134455_2719193311458729_4402707186275319808_n-550x778.jpg\" alt=\"\" width=\"550\" height=\"778\" data-id=\"3196\" srcset=\"https:\/\/gadcojimies.gob.ec\/manabi\/wp-content\/uploads\/2019\/08\/69134455_2719193311458729_4402707186275319808_n-550x778.jpg 550w, https:\/\/gadcojimies.gob.ec\/manabi\/wp-content\/uploads\/2019\/08\/69134455_2719193311458729_4402707186275319808_n.jpg 679w\" sizes=\"auto, (max-width: 550px) 100vw, 550px\" \/><\/p>\n<p>Los esperamos en el evento de pesca deportiva de mayor tradici\u00f3n del Ecuador.<\/p>\n<p><img loading=\"lazy\" decoding=\"async\" class=\"alignnone size-medium wp-image-2988 aligncenter\" src=\"http:\/\/gadcojimies.gob.ec\/manabi\/wp-content\/uploads\/2014\/10\/BANNER2-550x50.jpg\" alt=\"\" width=\"550\" height=\"50\" data-id=\"2988\" srcset=\"https:\/\/gadcojimies.gob.ec\/manabi\/wp-content\/uploads\/2014\/10\/BANNER2-550x50.jpg 550w, https:\/\/gadcojimies.gob.ec\/manabi\/wp-content\/uploads\/2014\/10\/BANNER2.jpg 564w\" sizes=\"auto, (max-width: 550px) 100vw, 550px\" \/><\/p>\n<hr \/>\n<p>Paolo Plaza ser\u00e1 uno de los artistas invitados. Te esperamos este 24 de agosto en el Festival de la Corvina y el Robalo en Cojim\u00edes. El evento de pesca deportiva de mayor tradici\u00f3n..!<\/p>\n<p>https:\/\/www.facebook.com\/gobiernoautonomo.descentralizadoparroquialcojimies\/videos\/2718120224899371\/<\/p>\n<h3>GALER\u00cdA<\/h3>\n<h4><img loading=\"lazy\" decoding=\"async\" class=\"size-medium wp-image-3176 aligncenter\" src=\"http:\/\/gadcojimies.gob.ec\/manabi\/wp-content\/uploads\/2019\/08\/IMG-20190815-WA0014-550x413.jpg\" alt=\"\" width=\"550\" height=\"413\" data-id=\"3176\" srcset=\"https:\/\/gadcojimies.gob.ec\/manabi\/wp-content\/uploads\/2019\/08\/IMG-20190815-WA0014-550x413.jpg 550w, https:\/\/gadcojimies.gob.ec\/manabi\/wp-content\/uploads\/2019\/08\/IMG-20190815-WA0014.jpg 700w\" sizes=\"auto, (max-width: 550px) 100vw, 550px\" \/><\/h4>\n<p><img loading=\"lazy\" decoding=\"async\" class=\"size-medium wp-image-3177 aligncenter\" src=\"http:\/\/gadcojimies.gob.ec\/manabi\/wp-content\/uploads\/2019\/08\/IMG-20190815-WA0015-550x413.jpg\" alt=\"\" width=\"550\" height=\"413\" data-id=\"3177\" srcset=\"https:\/\/gadcojimies.gob.ec\/manabi\/wp-content\/uploads\/2019\/08\/IMG-20190815-WA0015-550x413.jpg 550w, https:\/\/gadcojimies.gob.ec\/manabi\/wp-content\/uploads\/2019\/08\/IMG-20190815-WA0015.jpg 700w\" sizes=\"auto, (max-width: 550px) 100vw, 550px\" \/><\/p>\n<p><img loading=\"lazy\" decoding=\"async\" class=\"size-medium wp-image-3178 aligncenter\" src=\"http:\/\/gadcojimies.gob.ec\/manabi\/wp-content\/uploads\/2019\/08\/IMG-20190815-WA0016-550x413.jpg\" alt=\"\" width=\"550\" height=\"413\" data-id=\"3178\" srcset=\"https:\/\/gadcojimies.gob.ec\/manabi\/wp-content\/uploads\/2019\/08\/IMG-20190815-WA0016-550x413.jpg 550w, https:\/\/gadcojimies.gob.ec\/manabi\/wp-content\/uploads\/2019\/08\/IMG-20190815-WA0016.jpg 700w\" sizes=\"auto, (max-width: 550px) 100vw, 550px\" \/><\/p>\n<p><img loading=\"lazy\" decoding=\"async\" class=\"size-medium wp-image-3179 aligncenter\" src=\"http:\/\/gadcojimies.gob.ec\/manabi\/wp-content\/uploads\/2019\/08\/IMG-20190815-WA0017-550x779.jpg\" alt=\"\" width=\"550\" height=\"779\" data-id=\"3179\" srcset=\"https:\/\/gadcojimies.gob.ec\/manabi\/wp-content\/uploads\/2019\/08\/IMG-20190815-WA0017-550x779.jpg 550w, https:\/\/gadcojimies.gob.ec\/manabi\/wp-content\/uploads\/2019\/08\/IMG-20190815-WA0017.jpg 700w\" sizes=\"auto, (max-width: 550px) 100vw, 550px\" \/><\/p>\n<p>https:\/\/www.facebook.com\/gobiernoautonomo.descentralizadoparroquialcojimies\/videos\/2685187868192607\/<\/p>\n<h3><strong>BASES DEL FESTIVAL\u00a0<\/strong><\/h3>\n<p><a href=\"http:\/\/gadcojimies.gob.ec\/manabi\/wp-content\/uploads\/2019\/08\/BASES-CONCURSO.pdf\"><img loading=\"lazy\" decoding=\"async\" class=\"size-medium wp-image-3127 aligncenter\" src=\"http:\/\/gadcojimies.gob.ec\/manabi\/wp-content\/uploads\/2019\/08\/BASES-PORTADA-WEB-550x309.jpg\" alt=\"\" width=\"550\" height=\"309\" data-id=\"3127\" srcset=\"https:\/\/gadcojimies.gob.ec\/manabi\/wp-content\/uploads\/2019\/08\/BASES-PORTADA-WEB-550x309.jpg 550w, https:\/\/gadcojimies.gob.ec\/manabi\/wp-content\/uploads\/2019\/08\/BASES-PORTADA-WEB.jpg 693w\" sizes=\"auto, (max-width: 550px) 100vw, 550px\" \/><\/a><\/p>\n<p><strong>PROGRAMACI\u00d3N<\/strong><\/p>\n<p><img loading=\"lazy\" decoding=\"async\" class=\"size-medium wp-image-3150 aligncenter\" src=\"http:\/\/gadcojimies.gob.ec\/manabi\/wp-content\/uploads\/2014\/10\/PROGRAMA-550x778.jpg\" alt=\"\" width=\"550\" height=\"778\" data-id=\"3150\" srcset=\"https:\/\/gadcojimies.gob.ec\/manabi\/wp-content\/uploads\/2014\/10\/PROGRAMA-550x778.jpg 550w, https:\/\/gadcojimies.gob.ec\/manabi\/wp-content\/uploads\/2014\/10\/PROGRAMA.jpg 679w\" sizes=\"auto, (max-width: 550px) 100vw, 550px\" \/><\/p>\n","protected":false},"excerpt":{"rendered":"<p>ECOS DEL FESTIVAL Click: Video\u00a0 MEDIOS NACIONALES DIFUNDEN EL \u00c9XITO DEL FESTIVAL DE LA CORVINA Y EL ROBALO Gracias a Teleamazonas por la difusi\u00f3n del evento de pesca deportiva de mayor tradici\u00f3n del pa\u00eds, Festival de la Corvina y el Robalo, Cojim\u00edes 2019.\u00a0 \u00a0 \u00a0 Click: Video Festival de la Corvina y el Robalo, Cojim\u00edes [&hellip;]<\/p>\n","protected":false},"author":6,"featured_media":0,"parent":0,"menu_order":0,"comment_status":"closed","ping_status":"closed","template":"","meta":{"_gspb_post_css":"","site-sidebar-layout":"default","site-content-layout":"","ast-site-content-layout":"","site-content-style":"default","site-sidebar-style":"default","ast-global-header-display":"","ast-banner-title-visibility":"","ast-main-header-display":"","ast-hfb-above-header-display":"","ast-hfb-below-header-display":"","ast-hfb-mobile-header-display":"","site-post-title":"","ast-breadcrumbs-content":"","ast-featured-img":"","footer-sml-layout":"","theme-transparent-header-meta":"","adv-header-id-meta":"","stick-header-meta":"","header-above-stick-meta":"","header-main-stick-meta":"","header-below-stick-meta":"","astra-migrate-meta-layouts":"default","ast-page-background-enabled":"default","ast-page-background-meta":{"desktop":{"background-color":"var(--ast-global-color-4)","background-image":"","background-repeat":"repeat","background-position":"center center","background-size":"auto","background-attachment":"scroll","background-type":"","background-media":"","overlay-type":"","overlay-color":"","overlay-opacity":"","overlay-gradient":""},"tablet":{"background-color":"","background-image":"","background-repeat":"repeat","background-position":"center center","background-size":"auto","background-attachment":"scroll","background-type":"","background-media":"","overlay-type":"","overlay-color":"","overlay-opacity":"","overlay-gradient":""},"mobile":{"background-color":"","background-image":"","background-repeat":"repeat","background-position":"center center","background-size":"auto","background-attachment":"scroll","background-type":"","background-media":"","overlay-type":"","overlay-color":"","overlay-opacity":"","overlay-gradient":""}},"ast-content-background-meta":{"desktop":{"background-color":"var(--ast-global-color-5)","background-image":"","background-repeat":"repeat","background-position":"center center","background-size":"auto","background-attachment":"scroll","background-type":"","background-media":"","overlay-type":"","overlay-color":"","overlay-opacity":"","overlay-gradient":""},"tablet":{"background-color":"var(--ast-global-color-5)","background-image":"","background-repeat":"repeat","background-position":"center center","background-size":"auto","background-attachment":"scroll","background-type":"","background-media":"","overlay-type":"","overlay-color":"","overlay-opacity":"","overlay-gradient":""},"mobile":{"background-color":"var(--ast-global-color-5)","background-image":"","background-repeat":"repeat","background-position":"center center","background-size":"auto","background-attachment":"scroll","background-type":"","background-media":"","overlay-type":"","overlay-color":"","overlay-opacity":"","overlay-gradient":""}},"footnotes":""},"class_list":["post-3175","page","type-page","status-publish","hentry"],"yoast_head":"<!-- This site is optimized with the Yoast SEO plugin v17.8 - https:\/\/yoast.com\/wordpress\/plugins\/seo\/ -->\n<title>SOMOS EL CAMBIO -<\/title>\n<meta name=\"robots\" content=\"index, follow, max-snippet:-1, max-image-preview:large, max-video-preview:-1\" \/>\n<link rel=\"canonical\" href=\"https:\/\/gadcojimies.gob.ec\/manabi\/festival-de-la-corvina-y-el-robalo\/\" \/>\n<meta property=\"og:locale\" content=\"es_ES\" \/>\n<meta property=\"og:type\" content=\"article\" \/>\n<meta property=\"og:title\" content=\"SOMOS EL CAMBIO -\" \/>\n<meta property=\"og:description\" content=\"ECOS DEL FESTIVAL Click: Video\u00a0 MEDIOS NACIONALES DIFUNDEN EL \u00c9XITO DEL FESTIVAL DE LA CORVINA Y EL ROBALO Gracias a Teleamazonas por la difusi\u00f3n del evento de pesca deportiva de mayor tradici\u00f3n del pa\u00eds, Festival de la Corvina y el Robalo, Cojim\u00edes 2019.\u00a0 \u00a0 \u00a0 Click: Video Festival de la Corvina y el Robalo, Cojim\u00edes [&hellip;]\" \/>\n<meta property=\"og:url\" content=\"https:\/\/gadcojimies.gob.ec\/manabi\/festival-de-la-corvina-y-el-robalo\/\" \/>\n<meta property=\"article:modified_time\" content=\"2019-08-28T13:03:43+00:00\" \/>\n<meta property=\"og:image\" content=\"http:\/\/gadcojimies.gob.ec\/manabi\/wp-content\/uploads\/2014\/10\/premios-550x285.png\" \/>\n<meta name=\"twitter:card\" content=\"summary_large_image\" \/>\n<meta name=\"twitter:label1\" content=\"Tiempo de lectura\" \/>\n\t<meta name=\"twitter:data1\" content=\"2 minutos\" \/>\n<script type=\"application\/ld+json\" class=\"yoast-schema-graph\">{\"@context\":\"https:\/\/schema.org\",\"@graph\":[{\"@type\":\"Organization\",\"@id\":\"https:\/\/gadcojimies.gob.ec\/manabi\/#organization\",\"name\":\"GAD Parroquial de Cojimies Manabi\",\"url\":\"https:\/\/gadcojimies.gob.ec\/manabi\/\",\"sameAs\":[],\"logo\":{\"@type\":\"ImageObject\",\"@id\":\"https:\/\/gadcojimies.gob.ec\/manabi\/#logo\",\"inLanguage\":\"es\",\"url\":\"https:\/\/gadcojimies.gob.ec\/manabi\/wp-content\/uploads\/2020\/03\/logoFooterAncho.png\",\"contentUrl\":\"https:\/\/gadcojimies.gob.ec\/manabi\/wp-content\/uploads\/2020\/03\/logoFooterAncho.png\",\"width\":220,\"height\":140,\"caption\":\"GAD Parroquial de Cojimies Manabi\"},\"image\":{\"@id\":\"https:\/\/gadcojimies.gob.ec\/manabi\/#logo\"}},{\"@type\":\"WebSite\",\"@id\":\"https:\/\/gadcojimies.gob.ec\/manabi\/#website\",\"url\":\"https:\/\/gadcojimies.gob.ec\/manabi\/\",\"name\":\"GAD parroquial de Cojim\\u00edes Manabi\",\"description\":\"Sitio Oficial de la Parroquia de Cojim\\u00edes Manabi\",\"publisher\":{\"@id\":\"https:\/\/gadcojimies.gob.ec\/manabi\/#organization\"},\"potentialAction\":[{\"@type\":\"SearchAction\",\"target\":{\"@type\":\"EntryPoint\",\"urlTemplate\":\"https:\/\/gadcojimies.gob.ec\/manabi\/?s={search_term_string}\"},\"query-input\":\"required name=search_term_string\"}],\"inLanguage\":\"es\"},{\"@type\":\"ImageObject\",\"@id\":\"https:\/\/gadcojimies.gob.ec\/manabi\/festival-de-la-corvina-y-el-robalo\/#primaryimage\",\"inLanguage\":\"es\",\"url\":\"http:\/\/gadcojimies.gob.ec\/manabi\/wp-content\/uploads\/2014\/10\/premios-550x285.png\",\"contentUrl\":\"http:\/\/gadcojimies.gob.ec\/manabi\/wp-content\/uploads\/2014\/10\/premios-550x285.png\"},{\"@type\":\"WebPage\",\"@id\":\"https:\/\/gadcojimies.gob.ec\/manabi\/festival-de-la-corvina-y-el-robalo\/#webpage\",\"url\":\"https:\/\/gadcojimies.gob.ec\/manabi\/festival-de-la-corvina-y-el-robalo\/\",\"name\":\"SOMOS EL CAMBIO -\",\"isPartOf\":{\"@id\":\"https:\/\/gadcojimies.gob.ec\/manabi\/#website\"},\"primaryImageOfPage\":{\"@id\":\"https:\/\/gadcojimies.gob.ec\/manabi\/festival-de-la-corvina-y-el-robalo\/#primaryimage\"},\"datePublished\":\"2019-08-15T16:44:31+00:00\",\"dateModified\":\"2019-08-28T13:03:43+00:00\",\"breadcrumb\":{\"@id\":\"https:\/\/gadcojimies.gob.ec\/manabi\/festival-de-la-corvina-y-el-robalo\/#breadcrumb\"},\"inLanguage\":\"es\",\"potentialAction\":[{\"@type\":\"ReadAction\",\"target\":[\"https:\/\/gadcojimies.gob.ec\/manabi\/festival-de-la-corvina-y-el-robalo\/\"]}]},{\"@type\":\"BreadcrumbList\",\"@id\":\"https:\/\/gadcojimies.gob.ec\/manabi\/festival-de-la-corvina-y-el-robalo\/#breadcrumb\",\"itemListElement\":[{\"@type\":\"ListItem\",\"position\":1,\"name\":\"Home\",\"item\":\"https:\/\/gadcojimies.gob.ec\/manabi\/\"},{\"@type\":\"ListItem\",\"position\":2,\"name\":\"SOMOS EL CAMBIO\"}]}]}<\/script>\n<!-- \/ Yoast SEO plugin. -->","yoast_head_json":{"title":"SOMOS EL CAMBIO -","robots":{"index":"index","follow":"follow","max-snippet":"max-snippet:-1","max-image-preview":"max-image-preview:large","max-video-preview":"max-video-preview:-1"},"canonical":"https:\/\/gadcojimies.gob.ec\/manabi\/festival-de-la-corvina-y-el-robalo\/","og_locale":"es_ES","og_type":"article","og_title":"SOMOS EL CAMBIO -","og_description":"ECOS DEL FESTIVAL Click: Video\u00a0 MEDIOS NACIONALES DIFUNDEN EL \u00c9XITO DEL FESTIVAL DE LA CORVINA Y EL ROBALO Gracias a Teleamazonas por la difusi\u00f3n del evento de pesca deportiva de mayor tradici\u00f3n del pa\u00eds, Festival de la Corvina y el Robalo, Cojim\u00edes 2019.\u00a0 \u00a0 \u00a0 Click: Video Festival de la Corvina y el Robalo, Cojim\u00edes [&hellip;]","og_url":"https:\/\/gadcojimies.gob.ec\/manabi\/festival-de-la-corvina-y-el-robalo\/","article_modified_time":"2019-08-28T13:03:43+00:00","og_image":[{"url":"http:\/\/gadcojimies.gob.ec\/manabi\/wp-content\/uploads\/2014\/10\/premios-550x285.png"}],"twitter_card":"summary_large_image","twitter_misc":{"Tiempo de lectura":"2 minutos"},"schema":{"@context":"https:\/\/schema.org","@graph":[{"@type":"Organization","@id":"https:\/\/gadcojimies.gob.ec\/manabi\/#organization","name":"GAD Parroquial de Cojimies Manabi","url":"https:\/\/gadcojimies.gob.ec\/manabi\/","sameAs":[],"logo":{"@type":"ImageObject","@id":"https:\/\/gadcojimies.gob.ec\/manabi\/#logo","inLanguage":"es","url":"https:\/\/gadcojimies.gob.ec\/manabi\/wp-content\/uploads\/2020\/03\/logoFooterAncho.png","contentUrl":"https:\/\/gadcojimies.gob.ec\/manabi\/wp-content\/uploads\/2020\/03\/logoFooterAncho.png","width":220,"height":140,"caption":"GAD Parroquial de Cojimies Manabi"},"image":{"@id":"https:\/\/gadcojimies.gob.ec\/manabi\/#logo"}},{"@type":"WebSite","@id":"https:\/\/gadcojimies.gob.ec\/manabi\/#website","url":"https:\/\/gadcojimies.gob.ec\/manabi\/","name":"GAD parroquial de Cojim\u00edes Manabi","description":"Sitio Oficial de la Parroquia de Cojim\u00edes Manabi","publisher":{"@id":"https:\/\/gadcojimies.gob.ec\/manabi\/#organization"},"potentialAction":[{"@type":"SearchAction","target":{"@type":"EntryPoint","urlTemplate":"https:\/\/gadcojimies.gob.ec\/manabi\/?s={search_term_string}"},"query-input":"required name=search_term_string"}],"inLanguage":"es"},{"@type":"ImageObject","@id":"https:\/\/gadcojimies.gob.ec\/manabi\/festival-de-la-corvina-y-el-robalo\/#primaryimage","inLanguage":"es","url":"http:\/\/gadcojimies.gob.ec\/manabi\/wp-content\/uploads\/2014\/10\/premios-550x285.png","contentUrl":"http:\/\/gadcojimies.gob.ec\/manabi\/wp-content\/uploads\/2014\/10\/premios-550x285.png"},{"@type":"WebPage","@id":"https:\/\/gadcojimies.gob.ec\/manabi\/festival-de-la-corvina-y-el-robalo\/#webpage","url":"https:\/\/gadcojimies.gob.ec\/manabi\/festival-de-la-corvina-y-el-robalo\/","name":"SOMOS EL CAMBIO -","isPartOf":{"@id":"https:\/\/gadcojimies.gob.ec\/manabi\/#website"},"primaryImageOfPage":{"@id":"https:\/\/gadcojimies.gob.ec\/manabi\/festival-de-la-corvina-y-el-robalo\/#primaryimage"},"datePublished":"2019-08-15T16:44:31+00:00","dateModified":"2019-08-28T13:03:43+00:00","breadcrumb":{"@id":"https:\/\/gadcojimies.gob.ec\/manabi\/festival-de-la-corvina-y-el-robalo\/#breadcrumb"},"inLanguage":"es","potentialAction":[{"@type":"ReadAction","target":["https:\/\/gadcojimies.gob.ec\/manabi\/festival-de-la-corvina-y-el-robalo\/"]}]},{"@type":"BreadcrumbList","@id":"https:\/\/gadcojimies.gob.ec\/manabi\/festival-de-la-corvina-y-el-robalo\/#breadcrumb","itemListElement":[{"@type":"ListItem","position":1,"name":"Home","item":"https:\/\/gadcojimies.gob.ec\/manabi\/"},{"@type":"ListItem","position":2,"name":"SOMOS EL CAMBIO"}]}]}},"_links":{"self":[{"href":"https:\/\/gadcojimies.gob.ec\/manabi\/wp-json\/wp\/v2\/pages\/3175","targetHints":{"allow":["GET"]}}],"collection":[{"href":"https:\/\/gadcojimies.gob.ec\/manabi\/wp-json\/wp\/v2\/pages"}],"about":[{"href":"https:\/\/gadcojimies.gob.ec\/manabi\/wp-json\/wp\/v2\/types\/page"}],"author":[{"embeddable":true,"href":"https:\/\/gadcojimies.gob.ec\/manabi\/wp-json\/wp\/v2\/users\/6"}],"replies":[{"embeddable":true,"href":"https:\/\/gadcojimies.gob.ec\/manabi\/wp-json\/wp\/v2\/comments?post=3175"}],"version-history":[{"count":12,"href":"https:\/\/gadcojimies.gob.ec\/manabi\/wp-json\/wp\/v2\/pages\/3175\/revisions"}],"predecessor-version":[{"id":3239,"href":"https:\/\/gadcojimies.gob.ec\/manabi\/wp-json\/wp\/v2\/pages\/3175\/revisions\/3239"}],"wp:attachment":[{"href":"https:\/\/gadcojimies.gob.ec\/manabi\/wp-json\/wp\/v2\/media?parent=3175"}],"curies":[{"name":"wp","href":"https:\/\/api.w.org\/{rel}","templated":true}]}}