{"id":3802,"date":"2020-02-16T12:21:51","date_gmt":"2020-02-16T16:21:51","guid":{"rendered":"http:\/\/gadcojimies.gob.ec\/manabi\/?page_id=3802"},"modified":"2021-06-23T18:06:41","modified_gmt":"2021-06-23T22:06:41","slug":"rendicion-de-cuentas-2020","status":"publish","type":"page","link":"https:\/\/gadcojimies.gob.ec\/manabi\/rendicion-de-cuentas-2020\/","title":{"rendered":"Rendici\u00f3n de Cuentas 2020"},"content":{"rendered":"[vc_row][vc_column][vc_video link=&#8221;https:\/\/www.youtube.com\/watch?v=hOPgW5ZUCC0&amp;t=4s&#8221; align=&#8221;center&#8221; title=&#8221;Rendici\u00f3n de Cuentas del Per\u00edodo Fiscal 2019&#8243;][\/vc_column][\/vc_row]\n<p><a href=\"https:\/\/gadcojimies.gob.ec\/manabi\/wp-content\/uploads\/2020\/11\/CUARTO.pdf\">CUARTO<\/a><\/p>\n<p><a href=\"https:\/\/gadcojimies.gob.ec\/manabi\/wp-content\/uploads\/2020\/11\/DECIMO.pdf\">DECIMO<\/a><\/p>\n<p><a href=\"https:\/\/gadcojimies.gob.ec\/manabi\/wp-content\/uploads\/2020\/11\/DOCEAVO.pdf\">DOCEAVO<\/a><\/p>\n<p><a href=\"https:\/\/gadcojimies.gob.ec\/manabi\/wp-content\/uploads\/2020\/11\/NOVENO.pdf\">NOVENO<\/a><\/p>\n<p><a href=\"https:\/\/gadcojimies.gob.ec\/manabi\/wp-content\/uploads\/2020\/11\/OCTAVO.pdf\">OCTAVO<\/a><\/p>\n<p><a href=\"https:\/\/gadcojimies.gob.ec\/manabi\/wp-content\/uploads\/2020\/11\/ONCEAVO.pdf\">ONCEAVO<\/a><\/p>\n<p><a href=\"https:\/\/gadcojimies.gob.ec\/manabi\/wp-content\/uploads\/2020\/11\/QUINTO.pdf\">QUINTO<\/a><\/p>\n<p><a href=\"https:\/\/gadcojimies.gob.ec\/manabi\/wp-content\/uploads\/2020\/11\/SEGUNDO.pdf\">SEGUNDO<\/a><\/p>\n<p><a href=\"https:\/\/gadcojimies.gob.ec\/manabi\/wp-content\/uploads\/2020\/11\/SEPTIMO.pdf\">SEPTIMO<\/a><\/p>\n<p><a href=\"https:\/\/gadcojimies.gob.ec\/manabi\/wp-content\/uploads\/2020\/11\/SEXTO.pdf\">SEXTO<\/a><\/p>\n<p><a href=\"https:\/\/gadcojimies.gob.ec\/manabi\/wp-content\/uploads\/2020\/11\/TERCERO.pdf\">TERCERO<\/a><\/p>\n<p><a href=\"https:\/\/gadcojimies.gob.ec\/manabi\/wp-content\/uploads\/2020\/11\/TRECEAVO.pdf\">TRECEAVO<\/a><\/p>\n<p><a href=\"https:\/\/gadcojimies.gob.ec\/manabi\/wp-content\/uploads\/2020\/11\/10-10-2020-REGISTRO-DE-ASISTENCIA-MESAS-TEMATICAS.pdf\">10-10-2020 REGISTRO DE ASISTENCIA MESAS TEMATICAS<\/a><\/p>\n<p><a href=\"https:\/\/gadcojimies.gob.ec\/manabi\/wp-content\/uploads\/2020\/11\/13-10-2020-REGISTRO-DE-ASISTENCIA-MESAS-TEMATICAS.pdf\">13-10-2020 REGISTRO DE ASISTENCIA MESAS TEMATICAS<\/a><\/p>\n<p><a href=\"https:\/\/gadcojimies.gob.ec\/manabi\/wp-content\/uploads\/2020\/11\/Asistencia-Rendici\u00f3n-de-Cuentas.pdf\">Asistencia Rendici\u00f3n de Cuentas<\/a><\/p>\n<p>Rendici\u00f3n de Cuentas Vocales<\/p>\n<p><a href=\"https:\/\/gadcojimies.gob.ec\/manabi\/wp-content\/uploads\/2020\/11\/REGISTRO-DE-ASISTENCIA-RENDICI\u00d3N-DE-CUENTAS-VOCALES.pdf\">REGISTRO DE ASISTENCIA RENDICI\u00d3N DE CUENTAS VOCALES<\/a><\/p>\n<p><a href=\"https:\/\/gadcojimies.gob.ec\/manabi\/wp-content\/uploads\/2021\/01\/ReporteGad-2019.pdf\">ReporteGad 2019<\/a><\/p>\n<p><a href=\"https:\/\/gadcojimies.gob.ec\/manabi\/wp-content\/uploads\/2021\/01\/CERTIFICADO-DE-CUMPLIMIENTO-ANUAL-DEFENSORIA-DEL-P\u00d9EBLO.pdf\">CERTIFICADO DE CUMPLIMIENTO ANUAL DEFENSORIA DEL P\u00d9EBLO<\/a><\/p>\n","protected":false},"excerpt":{"rendered":"<p>[vc_row][vc_column][vc_video link=&#8221;https:\/\/www.youtube.com\/watch?v=hOPgW5ZUCC0&amp;t=4s&#8221; align=&#8221;center&#8221; title=&#8221;Rendici\u00f3n de Cuentas del Per\u00edodo Fiscal 2019&#8243;][\/vc_column][\/vc_row] CUARTO DECIMO DOCEAVO NOVENO OCTAVO ONCEAVO QUINTO SEGUNDO SEPTIMO SEXTO TERCERO TRECEAVO 10-10-2020 REGISTRO DE ASISTENCIA MESAS TEMATICAS 13-10-2020 REGISTRO DE ASISTENCIA MESAS TEMATICAS Asistencia Rendici\u00f3n de Cuentas Rendici\u00f3n de Cuentas Vocales REGISTRO DE ASISTENCIA RENDICI\u00d3N DE CUENTAS VOCALES ReporteGad 2019 CERTIFICADO DE CUMPLIMIENTO ANUAL [&hellip;]<\/p>\n","protected":false},"author":6,"featured_media":0,"parent":0,"menu_order":0,"comment_status":"closed","ping_status":"closed","template":"","meta":{"_gspb_post_css":"","site-sidebar-layout":"default","site-content-layout":"","ast-site-content-layout":"","site-content-style":"default","site-sidebar-style":"default","ast-global-header-display":"","ast-banner-title-visibility":"","ast-main-header-display":"","ast-hfb-above-header-display":"","ast-hfb-below-header-display":"","ast-hfb-mobile-header-display":"","site-post-title":"","ast-breadcrumbs-content":"","ast-featured-img":"","footer-sml-layout":"","theme-transparent-header-meta":"","adv-header-id-meta":"","stick-header-meta":"","header-above-stick-meta":"","header-main-stick-meta":"","header-below-stick-meta":"","astra-migrate-meta-layouts":"default","ast-page-background-enabled":"default","ast-page-background-meta":{"desktop":{"background-color":"var(--ast-global-color-4)","background-image":"","background-repeat":"repeat","background-position":"center center","background-size":"auto","background-attachment":"scroll","background-type":"","background-media":"","overlay-type":"","overlay-color":"","overlay-opacity":"","overlay-gradient":""},"tablet":{"background-color":"","background-image":"","background-repeat":"repeat","background-position":"center center","background-size":"auto","background-attachment":"scroll","background-type":"","background-media":"","overlay-type":"","overlay-color":"","overlay-opacity":"","overlay-gradient":""},"mobile":{"background-color":"","background-image":"","background-repeat":"repeat","background-position":"center center","background-size":"auto","background-attachment":"scroll","background-type":"","background-media":"","overlay-type":"","overlay-color":"","overlay-opacity":"","overlay-gradient":""}},"ast-content-background-meta":{"desktop":{"background-color":"var(--ast-global-color-5)","background-image":"","background-repeat":"repeat","background-position":"center center","background-size":"auto","background-attachment":"scroll","background-type":"","background-media":"","overlay-type":"","overlay-color":"","overlay-opacity":"","overlay-gradient":""},"tablet":{"background-color":"var(--ast-global-color-5)","background-image":"","background-repeat":"repeat","background-position":"center center","background-size":"auto","background-attachment":"scroll","background-type":"","background-media":"","overlay-type":"","overlay-color":"","overlay-opacity":"","overlay-gradient":""},"mobile":{"background-color":"var(--ast-global-color-5)","background-image":"","background-repeat":"repeat","background-position":"center center","background-size":"auto","background-attachment":"scroll","background-type":"","background-media":"","overlay-type":"","overlay-color":"","overlay-opacity":"","overlay-gradient":""}},"footnotes":""},"class_list":["post-3802","page","type-page","status-publish","hentry"],"yoast_head":"<!-- This site is optimized with the Yoast SEO plugin v17.8 - https:\/\/yoast.com\/wordpress\/plugins\/seo\/ -->\n<title>Rendici\u00f3n de Cuentas 2020 -<\/title>\n<meta name=\"robots\" content=\"index, follow, max-snippet:-1, max-image-preview:large, max-video-preview:-1\" \/>\n<link rel=\"canonical\" href=\"https:\/\/gadcojimies.gob.ec\/manabi\/rendicion-de-cuentas-2020\/\" \/>\n<meta property=\"og:locale\" content=\"es_ES\" \/>\n<meta property=\"og:type\" content=\"article\" \/>\n<meta property=\"og:title\" content=\"Rendici\u00f3n de Cuentas 2020 -\" \/>\n<meta property=\"og:description\" content=\"[vc_row][vc_column][vc_video link=&#8221;https:\/\/www.youtube.com\/watch?v=hOPgW5ZUCC0&amp;t=4s&#8221; align=&#8221;center&#8221; title=&#8221;Rendici\u00f3n de Cuentas del Per\u00edodo Fiscal 2019&#8243;][\/vc_column][\/vc_row] CUARTO DECIMO DOCEAVO NOVENO OCTAVO ONCEAVO QUINTO SEGUNDO SEPTIMO SEXTO TERCERO TRECEAVO 10-10-2020 REGISTRO DE ASISTENCIA MESAS TEMATICAS 13-10-2020 REGISTRO DE ASISTENCIA MESAS TEMATICAS Asistencia Rendici\u00f3n de Cuentas Rendici\u00f3n de Cuentas Vocales REGISTRO DE ASISTENCIA RENDICI\u00d3N DE CUENTAS VOCALES ReporteGad 2019 CERTIFICADO DE CUMPLIMIENTO ANUAL [&hellip;]\" \/>\n<meta property=\"og:url\" content=\"https:\/\/gadcojimies.gob.ec\/manabi\/rendicion-de-cuentas-2020\/\" \/>\n<meta property=\"article:modified_time\" content=\"2021-06-23T22:06:41+00:00\" \/>\n<meta name=\"twitter:card\" content=\"summary_large_image\" \/>\n<meta name=\"twitter:label1\" content=\"Tiempo de lectura\" \/>\n\t<meta name=\"twitter:data1\" content=\"1 minuto\" \/>\n<script type=\"application\/ld+json\" class=\"yoast-schema-graph\">{\"@context\":\"https:\/\/schema.org\",\"@graph\":[{\"@type\":\"Organization\",\"@id\":\"https:\/\/gadcojimies.gob.ec\/manabi\/#organization\",\"name\":\"GAD Parroquial de Cojimies Manabi\",\"url\":\"https:\/\/gadcojimies.gob.ec\/manabi\/\",\"sameAs\":[],\"logo\":{\"@type\":\"ImageObject\",\"@id\":\"https:\/\/gadcojimies.gob.ec\/manabi\/#logo\",\"inLanguage\":\"es\",\"url\":\"https:\/\/gadcojimies.gob.ec\/manabi\/wp-content\/uploads\/2020\/03\/logoFooterAncho.png\",\"contentUrl\":\"https:\/\/gadcojimies.gob.ec\/manabi\/wp-content\/uploads\/2020\/03\/logoFooterAncho.png\",\"width\":220,\"height\":140,\"caption\":\"GAD Parroquial de Cojimies Manabi\"},\"image\":{\"@id\":\"https:\/\/gadcojimies.gob.ec\/manabi\/#logo\"}},{\"@type\":\"WebSite\",\"@id\":\"https:\/\/gadcojimies.gob.ec\/manabi\/#website\",\"url\":\"https:\/\/gadcojimies.gob.ec\/manabi\/\",\"name\":\"GAD parroquial de Cojim\\u00edes Manabi\",\"description\":\"Sitio Oficial de la Parroquia de Cojim\\u00edes Manabi\",\"publisher\":{\"@id\":\"https:\/\/gadcojimies.gob.ec\/manabi\/#organization\"},\"potentialAction\":[{\"@type\":\"SearchAction\",\"target\":{\"@type\":\"EntryPoint\",\"urlTemplate\":\"https:\/\/gadcojimies.gob.ec\/manabi\/?s={search_term_string}\"},\"query-input\":\"required name=search_term_string\"}],\"inLanguage\":\"es\"},{\"@type\":\"WebPage\",\"@id\":\"https:\/\/gadcojimies.gob.ec\/manabi\/rendicion-de-cuentas-2020\/#webpage\",\"url\":\"https:\/\/gadcojimies.gob.ec\/manabi\/rendicion-de-cuentas-2020\/\",\"name\":\"Rendici\\u00f3n de Cuentas 2020 -\",\"isPartOf\":{\"@id\":\"https:\/\/gadcojimies.gob.ec\/manabi\/#website\"},\"datePublished\":\"2020-02-16T16:21:51+00:00\",\"dateModified\":\"2021-06-23T22:06:41+00:00\",\"breadcrumb\":{\"@id\":\"https:\/\/gadcojimies.gob.ec\/manabi\/rendicion-de-cuentas-2020\/#breadcrumb\"},\"inLanguage\":\"es\",\"potentialAction\":[{\"@type\":\"ReadAction\",\"target\":[\"https:\/\/gadcojimies.gob.ec\/manabi\/rendicion-de-cuentas-2020\/\"]}]},{\"@type\":\"BreadcrumbList\",\"@id\":\"https:\/\/gadcojimies.gob.ec\/manabi\/rendicion-de-cuentas-2020\/#breadcrumb\",\"itemListElement\":[{\"@type\":\"ListItem\",\"position\":1,\"name\":\"Home\",\"item\":\"https:\/\/gadcojimies.gob.ec\/manabi\/\"},{\"@type\":\"ListItem\",\"position\":2,\"name\":\"Rendici\\u00f3n de Cuentas 2020\"}]}]}<\/script>\n<!-- \/ Yoast SEO plugin. -->","yoast_head_json":{"title":"Rendici\u00f3n de Cuentas 2020 -","robots":{"index":"index","follow":"follow","max-snippet":"max-snippet:-1","max-image-preview":"max-image-preview:large","max-video-preview":"max-video-preview:-1"},"canonical":"https:\/\/gadcojimies.gob.ec\/manabi\/rendicion-de-cuentas-2020\/","og_locale":"es_ES","og_type":"article","og_title":"Rendici\u00f3n de Cuentas 2020 -","og_description":"[vc_row][vc_column][vc_video link=&#8221;https:\/\/www.youtube.com\/watch?v=hOPgW5ZUCC0&amp;t=4s&#8221; align=&#8221;center&#8221; title=&#8221;Rendici\u00f3n de Cuentas del Per\u00edodo Fiscal 2019&#8243;][\/vc_column][\/vc_row] CUARTO DECIMO DOCEAVO NOVENO OCTAVO ONCEAVO QUINTO SEGUNDO SEPTIMO SEXTO TERCERO TRECEAVO 10-10-2020 REGISTRO DE ASISTENCIA MESAS TEMATICAS 13-10-2020 REGISTRO DE ASISTENCIA MESAS TEMATICAS Asistencia Rendici\u00f3n de Cuentas Rendici\u00f3n de Cuentas Vocales REGISTRO DE ASISTENCIA RENDICI\u00d3N DE CUENTAS VOCALES ReporteGad 2019 CERTIFICADO DE CUMPLIMIENTO ANUAL [&hellip;]","og_url":"https:\/\/gadcojimies.gob.ec\/manabi\/rendicion-de-cuentas-2020\/","article_modified_time":"2021-06-23T22:06:41+00:00","twitter_card":"summary_large_image","twitter_misc":{"Tiempo de lectura":"1 minuto"},"schema":{"@context":"https:\/\/schema.org","@graph":[{"@type":"Organization","@id":"https:\/\/gadcojimies.gob.ec\/manabi\/#organization","name":"GAD Parroquial de Cojimies Manabi","url":"https:\/\/gadcojimies.gob.ec\/manabi\/","sameAs":[],"logo":{"@type":"ImageObject","@id":"https:\/\/gadcojimies.gob.ec\/manabi\/#logo","inLanguage":"es","url":"https:\/\/gadcojimies.gob.ec\/manabi\/wp-content\/uploads\/2020\/03\/logoFooterAncho.png","contentUrl":"https:\/\/gadcojimies.gob.ec\/manabi\/wp-content\/uploads\/2020\/03\/logoFooterAncho.png","width":220,"height":140,"caption":"GAD Parroquial de Cojimies Manabi"},"image":{"@id":"https:\/\/gadcojimies.gob.ec\/manabi\/#logo"}},{"@type":"WebSite","@id":"https:\/\/gadcojimies.gob.ec\/manabi\/#website","url":"https:\/\/gadcojimies.gob.ec\/manabi\/","name":"GAD parroquial de Cojim\u00edes Manabi","description":"Sitio Oficial de la Parroquia de Cojim\u00edes Manabi","publisher":{"@id":"https:\/\/gadcojimies.gob.ec\/manabi\/#organization"},"potentialAction":[{"@type":"SearchAction","target":{"@type":"EntryPoint","urlTemplate":"https:\/\/gadcojimies.gob.ec\/manabi\/?s={search_term_string}"},"query-input":"required name=search_term_string"}],"inLanguage":"es"},{"@type":"WebPage","@id":"https:\/\/gadcojimies.gob.ec\/manabi\/rendicion-de-cuentas-2020\/#webpage","url":"https:\/\/gadcojimies.gob.ec\/manabi\/rendicion-de-cuentas-2020\/","name":"Rendici\u00f3n de Cuentas 2020 -","isPartOf":{"@id":"https:\/\/gadcojimies.gob.ec\/manabi\/#website"},"datePublished":"2020-02-16T16:21:51+00:00","dateModified":"2021-06-23T22:06:41+00:00","breadcrumb":{"@id":"https:\/\/gadcojimies.gob.ec\/manabi\/rendicion-de-cuentas-2020\/#breadcrumb"},"inLanguage":"es","potentialAction":[{"@type":"ReadAction","target":["https:\/\/gadcojimies.gob.ec\/manabi\/rendicion-de-cuentas-2020\/"]}]},{"@type":"BreadcrumbList","@id":"https:\/\/gadcojimies.gob.ec\/manabi\/rendicion-de-cuentas-2020\/#breadcrumb","itemListElement":[{"@type":"ListItem","position":1,"name":"Home","item":"https:\/\/gadcojimies.gob.ec\/manabi\/"},{"@type":"ListItem","position":2,"name":"Rendici\u00f3n de Cuentas 2020"}]}]}},"_links":{"self":[{"href":"https:\/\/gadcojimies.gob.ec\/manabi\/wp-json\/wp\/v2\/pages\/3802","targetHints":{"allow":["GET"]}}],"collection":[{"href":"https:\/\/gadcojimies.gob.ec\/manabi\/wp-json\/wp\/v2\/pages"}],"about":[{"href":"https:\/\/gadcojimies.gob.ec\/manabi\/wp-json\/wp\/v2\/types\/page"}],"author":[{"embeddable":true,"href":"https:\/\/gadcojimies.gob.ec\/manabi\/wp-json\/wp\/v2\/users\/6"}],"replies":[{"embeddable":true,"href":"https:\/\/gadcojimies.gob.ec\/manabi\/wp-json\/wp\/v2\/comments?post=3802"}],"version-history":[{"count":19,"href":"https:\/\/gadcojimies.gob.ec\/manabi\/wp-json\/wp\/v2\/pages\/3802\/revisions"}],"predecessor-version":[{"id":5095,"href":"https:\/\/gadcojimies.gob.ec\/manabi\/wp-json\/wp\/v2\/pages\/3802\/revisions\/5095"}],"wp:attachment":[{"href":"https:\/\/gadcojimies.gob.ec\/manabi\/wp-json\/wp\/v2\/media?parent=3802"}],"curies":[{"name":"wp","href":"https:\/\/api.w.org\/{rel}","templated":true}]}}