{"id":4358,"date":"2021-01-25T12:04:32","date_gmt":"2021-01-25T16:04:32","guid":{"rendered":"https:\/\/gadcojimies.gob.ec\/manabi\/?page_id=4358"},"modified":"2021-01-30T16:07:10","modified_gmt":"2021-01-30T20:07:10","slug":"convenios-2020","status":"publish","type":"page","link":"https:\/\/gadcojimies.gob.ec\/manabi\/convenios-2020\/","title":{"rendered":"Convenios 2020"},"content":{"rendered":"<p><a href=\"https:\/\/gadcojimies.gob.ec\/manabi\/wp-content\/uploads\/2021\/01\/PERSONAS-ADULTOS-MAYORES-MMA-MODALIDAD-ATENCI\u00d3N-DOMICILIARIA-.pdf\">PERSONAS ADULTOS MAYORES -MMA MODALIDAD ATENCI\u00d3N DOMICILIARIA &#8211;<\/a><\/p>\n<p><a href=\"https:\/\/gadcojimies.gob.ec\/manabi\/wp-content\/uploads\/2021\/01\/PERSONAS-ADULTOS-MAYORES-MMA-MODALIDAD-ATENCI\u00d3N-DOMICILIARIA.pdf\">PERSONAS ADULTOS MAYORES -MMA MODALIDAD ATENCI\u00d3N DOMICILIARIA<\/a><\/p>\n<p><a href=\"https:\/\/gadcojimies.gob.ec\/manabi\/wp-content\/uploads\/2021\/01\/PERSONAS-ADULTOS-MAYORES-MMA-MODALIDAD-ESPACIOS-ACTIVOS-CON-ALIMENTACI\u00d3N.pdf\">PERSONAS ADULTOS MAYORES -MMA MODALIDAD ESPACIOS ACTIVOS CON ALIMENTACI\u00d3N<\/a><\/p>\n<p><a href=\"https:\/\/gadcojimies.gob.ec\/manabi\/wp-content\/uploads\/2021\/01\/PERSONAS-CON-DISCAPACIDAD-MODALIDAD-ATENCI\u00d3N-EN-EL-HOGAR-Y-LA-COMUNIDAD.pdf\">PERSONAS CON DISCAPACIDAD MODALIDAD ATENCI\u00d3N EN EL HOGAR Y LA COMUNIDAD<\/a><\/p>\n<hr \/>\n<p><span style=\"color: #0000ff;\">CONVENIO DE COOPERACI\u00d3N ENTRE EL GOBIERNO PROVINCIAL DE MANAB\u00cd Y EL GOBIERNO AUT\u00d3NOMO DESCENTRALIZADO PARROQUIAL DE COJIMIES PARA LA ENTREGA DE KITS DE BIOSEGURIDAD Y RACIONES DE SUSTENTACI\u00d3N B\u00c1SICA PARA PERSONAS DE VULNERABILIDAD SOCIAL INMERSAS EN EL ART. 35 DE LA CONSTITUCI\u00d3N DE LA REP\u00daBLICA DEL ECUADOR.<\/span><\/p>\n<hr \/>\n<p><a href=\"https:\/\/drive.google.com\/file\/d\/1ZjjN-ob1JddArWMD7d9bZPWh9Pjl53Az\/view?usp=sharing\">ACTA DE CIERRE Y LIQUIDACI\u00d3N DEL CONVENIO DE COOPERACI\u00d3N ECON\u00d3MICA No. AM-04-13D10-08767-D ENTRE EL MINISTERIO DE INCLUSI\u00d3N ECON\u00d3MICA Y SOCIAL &#8211; MIES Y EL GAD PARROQUIAL COJIMIES MODALIDAD ADULTO MAYOR ESPACIOS ACTIVOS CON ALIMENETACI\u00d3N.<\/a><\/p>\n","protected":false},"excerpt":{"rendered":"<p>PERSONAS ADULTOS MAYORES -MMA MODALIDAD ATENCI\u00d3N DOMICILIARIA &#8211; PERSONAS ADULTOS MAYORES -MMA MODALIDAD ATENCI\u00d3N DOMICILIARIA PERSONAS ADULTOS MAYORES -MMA MODALIDAD ESPACIOS ACTIVOS CON ALIMENTACI\u00d3N PERSONAS CON DISCAPACIDAD MODALIDAD ATENCI\u00d3N EN EL HOGAR Y LA COMUNIDAD CONVENIO DE COOPERACI\u00d3N ENTRE EL GOBIERNO PROVINCIAL DE MANAB\u00cd Y EL GOBIERNO AUT\u00d3NOMO DESCENTRALIZADO PARROQUIAL DE COJIMIES PARA LA ENTREGA [&hellip;]<\/p>\n","protected":false},"author":6,"featured_media":0,"parent":0,"menu_order":0,"comment_status":"closed","ping_status":"closed","template":"","meta":{"_gspb_post_css":"","site-sidebar-layout":"default","site-content-layout":"","ast-site-content-layout":"","site-content-style":"default","site-sidebar-style":"default","ast-global-header-display":"","ast-banner-title-visibility":"","ast-main-header-display":"","ast-hfb-above-header-display":"","ast-hfb-below-header-display":"","ast-hfb-mobile-header-display":"","site-post-title":"","ast-breadcrumbs-content":"","ast-featured-img":"","footer-sml-layout":"","theme-transparent-header-meta":"","adv-header-id-meta":"","stick-header-meta":"","header-above-stick-meta":"","header-main-stick-meta":"","header-below-stick-meta":"","astra-migrate-meta-layouts":"default","ast-page-background-enabled":"default","ast-page-background-meta":{"desktop":{"background-color":"var(--ast-global-color-4)","background-image":"","background-repeat":"repeat","background-position":"center center","background-size":"auto","background-attachment":"scroll","background-type":"","background-media":"","overlay-type":"","overlay-color":"","overlay-opacity":"","overlay-gradient":""},"tablet":{"background-color":"","background-image":"","background-repeat":"repeat","background-position":"center center","background-size":"auto","background-attachment":"scroll","background-type":"","background-media":"","overlay-type":"","overlay-color":"","overlay-opacity":"","overlay-gradient":""},"mobile":{"background-color":"","background-image":"","background-repeat":"repeat","background-position":"center center","background-size":"auto","background-attachment":"scroll","background-type":"","background-media":"","overlay-type":"","overlay-color":"","overlay-opacity":"","overlay-gradient":""}},"ast-content-background-meta":{"desktop":{"background-color":"var(--ast-global-color-5)","background-image":"","background-repeat":"repeat","background-position":"center center","background-size":"auto","background-attachment":"scroll","background-type":"","background-media":"","overlay-type":"","overlay-color":"","overlay-opacity":"","overlay-gradient":""},"tablet":{"background-color":"var(--ast-global-color-5)","background-image":"","background-repeat":"repeat","background-position":"center center","background-size":"auto","background-attachment":"scroll","background-type":"","background-media":"","overlay-type":"","overlay-color":"","overlay-opacity":"","overlay-gradient":""},"mobile":{"background-color":"var(--ast-global-color-5)","background-image":"","background-repeat":"repeat","background-position":"center center","background-size":"auto","background-attachment":"scroll","background-type":"","background-media":"","overlay-type":"","overlay-color":"","overlay-opacity":"","overlay-gradient":""}},"footnotes":""},"class_list":["post-4358","page","type-page","status-publish","hentry"],"yoast_head":"<!-- This site is optimized with the Yoast SEO plugin v17.8 - https:\/\/yoast.com\/wordpress\/plugins\/seo\/ -->\n<title>Convenios 2020 -<\/title>\n<meta name=\"robots\" content=\"index, follow, max-snippet:-1, max-image-preview:large, max-video-preview:-1\" \/>\n<link rel=\"canonical\" href=\"https:\/\/gadcojimies.gob.ec\/manabi\/convenios-2020\/\" \/>\n<meta property=\"og:locale\" content=\"es_ES\" \/>\n<meta property=\"og:type\" content=\"article\" \/>\n<meta property=\"og:title\" content=\"Convenios 2020 -\" \/>\n<meta property=\"og:description\" content=\"PERSONAS ADULTOS MAYORES -MMA MODALIDAD ATENCI\u00d3N DOMICILIARIA &#8211; PERSONAS ADULTOS MAYORES -MMA MODALIDAD ATENCI\u00d3N DOMICILIARIA PERSONAS ADULTOS MAYORES -MMA MODALIDAD ESPACIOS ACTIVOS CON ALIMENTACI\u00d3N PERSONAS CON DISCAPACIDAD MODALIDAD ATENCI\u00d3N EN EL HOGAR Y LA COMUNIDAD CONVENIO DE COOPERACI\u00d3N ENTRE EL GOBIERNO PROVINCIAL DE MANAB\u00cd Y EL GOBIERNO AUT\u00d3NOMO DESCENTRALIZADO PARROQUIAL DE COJIMIES PARA LA ENTREGA [&hellip;]\" \/>\n<meta property=\"og:url\" content=\"https:\/\/gadcojimies.gob.ec\/manabi\/convenios-2020\/\" \/>\n<meta property=\"article:modified_time\" content=\"2021-01-30T20:07:10+00:00\" \/>\n<meta name=\"twitter:card\" content=\"summary_large_image\" \/>\n<meta name=\"twitter:label1\" content=\"Tiempo de lectura\" \/>\n\t<meta name=\"twitter:data1\" content=\"1 minuto\" \/>\n<script type=\"application\/ld+json\" class=\"yoast-schema-graph\">{\"@context\":\"https:\/\/schema.org\",\"@graph\":[{\"@type\":\"Organization\",\"@id\":\"https:\/\/gadcojimies.gob.ec\/manabi\/#organization\",\"name\":\"GAD Parroquial de Cojimies Manabi\",\"url\":\"https:\/\/gadcojimies.gob.ec\/manabi\/\",\"sameAs\":[],\"logo\":{\"@type\":\"ImageObject\",\"@id\":\"https:\/\/gadcojimies.gob.ec\/manabi\/#logo\",\"inLanguage\":\"es\",\"url\":\"https:\/\/gadcojimies.gob.ec\/manabi\/wp-content\/uploads\/2020\/03\/logoFooterAncho.png\",\"contentUrl\":\"https:\/\/gadcojimies.gob.ec\/manabi\/wp-content\/uploads\/2020\/03\/logoFooterAncho.png\",\"width\":220,\"height\":140,\"caption\":\"GAD Parroquial de Cojimies Manabi\"},\"image\":{\"@id\":\"https:\/\/gadcojimies.gob.ec\/manabi\/#logo\"}},{\"@type\":\"WebSite\",\"@id\":\"https:\/\/gadcojimies.gob.ec\/manabi\/#website\",\"url\":\"https:\/\/gadcojimies.gob.ec\/manabi\/\",\"name\":\"GAD parroquial de Cojim\\u00edes Manabi\",\"description\":\"Sitio Oficial de la Parroquia de Cojim\\u00edes Manabi\",\"publisher\":{\"@id\":\"https:\/\/gadcojimies.gob.ec\/manabi\/#organization\"},\"potentialAction\":[{\"@type\":\"SearchAction\",\"target\":{\"@type\":\"EntryPoint\",\"urlTemplate\":\"https:\/\/gadcojimies.gob.ec\/manabi\/?s={search_term_string}\"},\"query-input\":\"required name=search_term_string\"}],\"inLanguage\":\"es\"},{\"@type\":\"WebPage\",\"@id\":\"https:\/\/gadcojimies.gob.ec\/manabi\/convenios-2020\/#webpage\",\"url\":\"https:\/\/gadcojimies.gob.ec\/manabi\/convenios-2020\/\",\"name\":\"Convenios 2020 -\",\"isPartOf\":{\"@id\":\"https:\/\/gadcojimies.gob.ec\/manabi\/#website\"},\"datePublished\":\"2021-01-25T16:04:32+00:00\",\"dateModified\":\"2021-01-30T20:07:10+00:00\",\"breadcrumb\":{\"@id\":\"https:\/\/gadcojimies.gob.ec\/manabi\/convenios-2020\/#breadcrumb\"},\"inLanguage\":\"es\",\"potentialAction\":[{\"@type\":\"ReadAction\",\"target\":[\"https:\/\/gadcojimies.gob.ec\/manabi\/convenios-2020\/\"]}]},{\"@type\":\"BreadcrumbList\",\"@id\":\"https:\/\/gadcojimies.gob.ec\/manabi\/convenios-2020\/#breadcrumb\",\"itemListElement\":[{\"@type\":\"ListItem\",\"position\":1,\"name\":\"Home\",\"item\":\"https:\/\/gadcojimies.gob.ec\/manabi\/\"},{\"@type\":\"ListItem\",\"position\":2,\"name\":\"Convenios 2020\"}]}]}<\/script>\n<!-- \/ Yoast SEO plugin. -->","yoast_head_json":{"title":"Convenios 2020 -","robots":{"index":"index","follow":"follow","max-snippet":"max-snippet:-1","max-image-preview":"max-image-preview:large","max-video-preview":"max-video-preview:-1"},"canonical":"https:\/\/gadcojimies.gob.ec\/manabi\/convenios-2020\/","og_locale":"es_ES","og_type":"article","og_title":"Convenios 2020 -","og_description":"PERSONAS ADULTOS MAYORES -MMA MODALIDAD ATENCI\u00d3N DOMICILIARIA &#8211; PERSONAS ADULTOS MAYORES -MMA MODALIDAD ATENCI\u00d3N DOMICILIARIA PERSONAS ADULTOS MAYORES -MMA MODALIDAD ESPACIOS ACTIVOS CON ALIMENTACI\u00d3N PERSONAS CON DISCAPACIDAD MODALIDAD ATENCI\u00d3N EN EL HOGAR Y LA COMUNIDAD CONVENIO DE COOPERACI\u00d3N ENTRE EL GOBIERNO PROVINCIAL DE MANAB\u00cd Y EL GOBIERNO AUT\u00d3NOMO DESCENTRALIZADO PARROQUIAL DE COJIMIES PARA LA ENTREGA [&hellip;]","og_url":"https:\/\/gadcojimies.gob.ec\/manabi\/convenios-2020\/","article_modified_time":"2021-01-30T20:07:10+00:00","twitter_card":"summary_large_image","twitter_misc":{"Tiempo de lectura":"1 minuto"},"schema":{"@context":"https:\/\/schema.org","@graph":[{"@type":"Organization","@id":"https:\/\/gadcojimies.gob.ec\/manabi\/#organization","name":"GAD Parroquial de Cojimies Manabi","url":"https:\/\/gadcojimies.gob.ec\/manabi\/","sameAs":[],"logo":{"@type":"ImageObject","@id":"https:\/\/gadcojimies.gob.ec\/manabi\/#logo","inLanguage":"es","url":"https:\/\/gadcojimies.gob.ec\/manabi\/wp-content\/uploads\/2020\/03\/logoFooterAncho.png","contentUrl":"https:\/\/gadcojimies.gob.ec\/manabi\/wp-content\/uploads\/2020\/03\/logoFooterAncho.png","width":220,"height":140,"caption":"GAD Parroquial de Cojimies Manabi"},"image":{"@id":"https:\/\/gadcojimies.gob.ec\/manabi\/#logo"}},{"@type":"WebSite","@id":"https:\/\/gadcojimies.gob.ec\/manabi\/#website","url":"https:\/\/gadcojimies.gob.ec\/manabi\/","name":"GAD parroquial de Cojim\u00edes Manabi","description":"Sitio Oficial de la Parroquia de Cojim\u00edes Manabi","publisher":{"@id":"https:\/\/gadcojimies.gob.ec\/manabi\/#organization"},"potentialAction":[{"@type":"SearchAction","target":{"@type":"EntryPoint","urlTemplate":"https:\/\/gadcojimies.gob.ec\/manabi\/?s={search_term_string}"},"query-input":"required name=search_term_string"}],"inLanguage":"es"},{"@type":"WebPage","@id":"https:\/\/gadcojimies.gob.ec\/manabi\/convenios-2020\/#webpage","url":"https:\/\/gadcojimies.gob.ec\/manabi\/convenios-2020\/","name":"Convenios 2020 -","isPartOf":{"@id":"https:\/\/gadcojimies.gob.ec\/manabi\/#website"},"datePublished":"2021-01-25T16:04:32+00:00","dateModified":"2021-01-30T20:07:10+00:00","breadcrumb":{"@id":"https:\/\/gadcojimies.gob.ec\/manabi\/convenios-2020\/#breadcrumb"},"inLanguage":"es","potentialAction":[{"@type":"ReadAction","target":["https:\/\/gadcojimies.gob.ec\/manabi\/convenios-2020\/"]}]},{"@type":"BreadcrumbList","@id":"https:\/\/gadcojimies.gob.ec\/manabi\/convenios-2020\/#breadcrumb","itemListElement":[{"@type":"ListItem","position":1,"name":"Home","item":"https:\/\/gadcojimies.gob.ec\/manabi\/"},{"@type":"ListItem","position":2,"name":"Convenios 2020"}]}]}},"_links":{"self":[{"href":"https:\/\/gadcojimies.gob.ec\/manabi\/wp-json\/wp\/v2\/pages\/4358","targetHints":{"allow":["GET"]}}],"collection":[{"href":"https:\/\/gadcojimies.gob.ec\/manabi\/wp-json\/wp\/v2\/pages"}],"about":[{"href":"https:\/\/gadcojimies.gob.ec\/manabi\/wp-json\/wp\/v2\/types\/page"}],"author":[{"embeddable":true,"href":"https:\/\/gadcojimies.gob.ec\/manabi\/wp-json\/wp\/v2\/users\/6"}],"replies":[{"embeddable":true,"href":"https:\/\/gadcojimies.gob.ec\/manabi\/wp-json\/wp\/v2\/comments?post=4358"}],"version-history":[{"count":6,"href":"https:\/\/gadcojimies.gob.ec\/manabi\/wp-json\/wp\/v2\/pages\/4358\/revisions"}],"predecessor-version":[{"id":4775,"href":"https:\/\/gadcojimies.gob.ec\/manabi\/wp-json\/wp\/v2\/pages\/4358\/revisions\/4775"}],"wp:attachment":[{"href":"https:\/\/gadcojimies.gob.ec\/manabi\/wp-json\/wp\/v2\/media?parent=4358"}],"curies":[{"name":"wp","href":"https:\/\/api.w.org\/{rel}","templated":true}]}}