{"id":5421,"date":"2022-04-14T15:08:11","date_gmt":"2022-04-14T19:08:11","guid":{"rendered":"https:\/\/gadcojimies.gob.ec\/manabi\/?page_id=5421"},"modified":"2022-04-14T15:08:49","modified_gmt":"2022-04-14T19:08:49","slug":"estado-de-ejecucion-presupuestaria-anual-liquidado-2019","status":"publish","type":"page","link":"https:\/\/gadcojimies.gob.ec\/manabi\/estado-de-ejecucion-presupuestaria-anual-liquidado-2019\/","title":{"rendered":"ESTADO DE EJECUCI\u00d3N PRESUPUESTARIA ANUAL LIQUIDADO 2019"},"content":{"rendered":"<table style=\"border-collapse: collapse; width: 52.7919%; height: 48px; margin: 0 auto;\">\n<tbody>\n<tr style=\"height: 24px;\">\n<td style=\"width: 50%; text-align: center; height: 24px;\"><strong>INGRESOS\u00a0 \u00a0 \u00a0 \u00a0 \u00a0 \u00a0 \u00a0 \u00a0 \u00a0 \u00a0 \u00a0 \u00a0 \u00a0 \u00a0 \u00a0 \u00a0 \u00a0 \u00a0 \u00a0\u00a0<\/strong><\/td>\n<td style=\"width: 50%; height: 24px; text-align: center;\"><strong>GASTOS<\/strong><\/td>\n<\/tr>\n<tr style=\"height: 24px;\">\n<td style=\"width: 50%; height: 24px;\"><a href=\"https:\/\/drive.google.com\/file\/d\/1-j67oPcqEwA2K71urNs2hbzlA0juIHKa\/view?usp=sharing\">C\u00e9dula ingresos enero<\/a><\/p>\n<p><a href=\"https:\/\/drive.google.com\/file\/d\/1-lFsQ7b2u2E5sjjT_QCZSCXzJXR3O6BZ\/view?usp=sharing\">C\u00e9dula ingresos febrero<\/a><\/p>\n<p><a href=\"https:\/\/drive.google.com\/file\/d\/10w8VRDzuBOeB14pJlDo7H4EWtnJmVTkh\/view?usp=sharing\">C\u00e9dula ingresos marzo<\/a><\/p>\n<p><a href=\"https:\/\/drive.google.com\/file\/d\/10d3Ntpme_JD4D7RQ4KdhvgDkvMfrIEb2\/view?usp=sharing\">C\u00e9dula ingresos abril<\/a><\/p>\n<p><a href=\"https:\/\/drive.google.com\/file\/d\/10KW8sCiSTT04BAu5wEwOk4Y9V-o47fvZ\/view?usp=sharing\">C\u00e9dula ingresos mayo<\/a><\/p>\n<p><a href=\"https:\/\/drive.google.com\/file\/d\/11HvyyxFQ3y1dANzzElYOG9gnmy0rBmm1\/view?usp=sharing\">C\u00e9dula ingresos junio<\/a><\/p>\n<p><a href=\"https:\/\/drive.google.com\/file\/d\/11-ib8UScj3BM6Up0XlfahtnkZucLCEhO\/view?usp=sharing\">C\u00e9dula ingresos julio<\/a><\/p>\n<p><a href=\"https:\/\/drive.google.com\/file\/d\/11cCFKIaM_7l1ySm-C6j5plWLTXIkELSD\/view?usp=sharing\">C\u00e9dula ingresos agosto<\/a><\/p>\n<p><a href=\"https:\/\/drive.google.com\/file\/d\/11Pwl_ThQHv9VIiXRGP9uZ7l4CQXWUlJN\/view?usp=sharing\">C\u00e9dula ingresos septiembre<\/a><\/p>\n<p><a href=\"https:\/\/drive.google.com\/file\/d\/11hckIVBE182nrshbWdaG-8xZ-iLlEDwu\/view?usp=sharing\">C\u00e9dula ingresos octubre<\/a><\/p>\n<p><a href=\"https:\/\/drive.google.com\/file\/d\/1cNCbVXoeugCGz2t5wTrG2ot9toShCfrc\/view?usp=sharing\">C\u00e9dula ingreso noviembre<\/a><\/p>\n<p><a href=\"https:\/\/drive.google.com\/file\/d\/11lOZxq5NxdgX1WtKwAN1y8hh-CQimcQO\/view?usp=sharing\">C\u00e9dula ingreso diciembre<\/a><\/td>\n<td style=\"width: 50%; height: 24px;\"><a href=\"https:\/\/drive.google.com\/file\/d\/1-7-vSWLFztcubwcmao-ztgiYKmImzmWb\/view?usp=sharing\">C\u00e9dulas gastos enero<\/a><\/p>\n<p><a href=\"https:\/\/gadcojimies.gob.ec\/manabi\/wp-content\/uploads\/2021\/01\/C\u00e9dulas-gastos-febrero.pdf\">C\u00e9dulas gastos febrero<\/a><\/p>\n<p><a href=\"https:\/\/drive.google.com\/file\/d\/10mhFTn4Jug-ahp8hyOxw38WR0v61pHSa\/view?usp=sharing\">C\u00e9dulas gastos marzo<\/a><\/p>\n<p><a href=\"https:\/\/gadcojimies.gob.ec\/manabi\/wp-content\/uploads\/2021\/01\/C\u00e9dulas-gastos-abril.pdf\">C\u00e9dulas gastos abril<\/a><\/p>\n<p><a href=\"https:\/\/drive.google.com\/file\/d\/10LMK8yNENmYK2-nOxUFZEiYhzSvHx6O3\/view?usp=sharing\">C\u00e9dulas gastos mayo<\/a><\/p>\n<p><a href=\"https:\/\/drive.google.com\/file\/d\/11H7BdX8xPAUqeIrrjV8DvyEk_0FtE0KY\/view?usp=sharing\">C\u00e9dulas gastos junio<\/a><\/p>\n<p><a href=\"https:\/\/drive.google.com\/file\/d\/10xd85XjaUr0EVgFEXryzDA5NZGnsjTdF\/view?usp=sharing\">C\u00e9dulas gastos julio<\/a><\/p>\n<p><a href=\"https:\/\/drive.google.com\/file\/d\/11Qx265WV6D64N65olCHSvZPb-pBE3GEX\/view?usp=sharing\">C\u00e9dulas gastos agosto<\/a><\/p>\n<p><a href=\"https:\/\/drive.google.com\/file\/d\/11KnoAuLhTIoORDoAMtEqGPyybzrhVr6F\/view?usp=sharing\">C\u00e9dulas gastos septiembre<\/a><\/p>\n<p><a href=\"https:\/\/drive.google.com\/file\/d\/11iFI_MblRAY4nkt2N-2swd800XVliLEG\/view?usp=sharing\">C\u00e9dulas gastos octubre<\/a><\/p>\n<p><a href=\"https:\/\/drive.google.com\/file\/d\/128YjozQzBIOZoQybi0ZIjL8DVAnoBfWP\/view?usp=sharing\">C\u00e9dula gastos noviembre<\/a><\/p>\n<p><a href=\"https:\/\/drive.google.com\/file\/d\/123BDzc1iZnvvzpl9GvyGjrElPIZz4cWP\/view?usp=sharing\">C\u00e9dula gastos diciembre<\/a><\/td>\n<\/tr>\n<\/tbody>\n<\/table>\n<p>&nbsp;<\/p>\n<table style=\"border-collapse: collapse; width: 52.7919%; height: 48px; margin: 0 auto;\">\n<tbody>\n<tr style=\"height: 24px;\">\n<td style=\"width: 50%; height: 24px; text-align: center;\"><strong>\u00a0INGRESOS ANUAL<\/strong><\/td>\n<td style=\"width: 50%; height: 24px; text-align: center;\"><strong>GASTOS ANUAL<\/strong><\/td>\n<\/tr>\n<tr style=\"height: 24px;\">\n<td style=\"width: 50%; height: 24px;\"><a href=\"https:\/\/drive.google.com\/file\/d\/136IrUsOd9e9nbvDZ4LyZIf1W_33g5kht\/view?usp=sharing\">C\u00e9dula ingreso anual 2021<\/a><\/td>\n<td style=\"width: 50%; height: 24px;\"><a href=\"https:\/\/drive.google.com\/file\/d\/13FQL5lwOygssBE7d_qguNPC-WIDZgJ9R\/view?usp=sharing\">C\u00e9dula gastos anual 2021<\/a><\/td>\n<\/tr>\n<\/tbody>\n<\/table>\n","protected":false},"excerpt":{"rendered":"<p>INGRESOS\u00a0 \u00a0 \u00a0 \u00a0 \u00a0 \u00a0 \u00a0 \u00a0 \u00a0 \u00a0 \u00a0 \u00a0 \u00a0 \u00a0 \u00a0 \u00a0 \u00a0 \u00a0 \u00a0\u00a0 GASTOS C\u00e9dula ingresos enero C\u00e9dula ingresos febrero C\u00e9dula ingresos marzo C\u00e9dula ingresos abril C\u00e9dula ingresos mayo C\u00e9dula ingresos junio C\u00e9dula ingresos julio C\u00e9dula ingresos agosto C\u00e9dula ingresos septiembre C\u00e9dula ingresos octubre C\u00e9dula ingreso noviembre C\u00e9dula ingreso [&hellip;]<\/p>\n","protected":false},"author":6,"featured_media":0,"parent":0,"menu_order":0,"comment_status":"closed","ping_status":"closed","template":"","meta":{"_gspb_post_css":"","site-sidebar-layout":"default","site-content-layout":"","ast-site-content-layout":"","site-content-style":"default","site-sidebar-style":"default","ast-global-header-display":"","ast-banner-title-visibility":"","ast-main-header-display":"","ast-hfb-above-header-display":"","ast-hfb-below-header-display":"","ast-hfb-mobile-header-display":"","site-post-title":"","ast-breadcrumbs-content":"","ast-featured-img":"","footer-sml-layout":"","theme-transparent-header-meta":"","adv-header-id-meta":"","stick-header-meta":"","header-above-stick-meta":"","header-main-stick-meta":"","header-below-stick-meta":"","astra-migrate-meta-layouts":"default","ast-page-background-enabled":"default","ast-page-background-meta":{"desktop":{"background-color":"var(--ast-global-color-4)","background-image":"","background-repeat":"repeat","background-position":"center center","background-size":"auto","background-attachment":"scroll","background-type":"","background-media":"","overlay-type":"","overlay-color":"","overlay-opacity":"","overlay-gradient":""},"tablet":{"background-color":"","background-image":"","background-repeat":"repeat","background-position":"center center","background-size":"auto","background-attachment":"scroll","background-type":"","background-media":"","overlay-type":"","overlay-color":"","overlay-opacity":"","overlay-gradient":""},"mobile":{"background-color":"","background-image":"","background-repeat":"repeat","background-position":"center center","background-size":"auto","background-attachment":"scroll","background-type":"","background-media":"","overlay-type":"","overlay-color":"","overlay-opacity":"","overlay-gradient":""}},"ast-content-background-meta":{"desktop":{"background-color":"var(--ast-global-color-5)","background-image":"","background-repeat":"repeat","background-position":"center center","background-size":"auto","background-attachment":"scroll","background-type":"","background-media":"","overlay-type":"","overlay-color":"","overlay-opacity":"","overlay-gradient":""},"tablet":{"background-color":"var(--ast-global-color-5)","background-image":"","background-repeat":"repeat","background-position":"center center","background-size":"auto","background-attachment":"scroll","background-type":"","background-media":"","overlay-type":"","overlay-color":"","overlay-opacity":"","overlay-gradient":""},"mobile":{"background-color":"var(--ast-global-color-5)","background-image":"","background-repeat":"repeat","background-position":"center center","background-size":"auto","background-attachment":"scroll","background-type":"","background-media":"","overlay-type":"","overlay-color":"","overlay-opacity":"","overlay-gradient":""}},"footnotes":""},"class_list":["post-5421","page","type-page","status-publish","hentry"],"yoast_head":"<!-- This site is optimized with the Yoast SEO plugin v17.8 - https:\/\/yoast.com\/wordpress\/plugins\/seo\/ -->\n<title>ESTADO DE EJECUCI\u00d3N PRESUPUESTARIA ANUAL LIQUIDADO 2019 -<\/title>\n<meta name=\"robots\" content=\"index, follow, max-snippet:-1, max-image-preview:large, max-video-preview:-1\" \/>\n<link rel=\"canonical\" href=\"https:\/\/gadcojimies.gob.ec\/manabi\/estado-de-ejecucion-presupuestaria-anual-liquidado-2019\/\" \/>\n<meta property=\"og:locale\" content=\"es_ES\" \/>\n<meta property=\"og:type\" content=\"article\" \/>\n<meta property=\"og:title\" content=\"ESTADO DE EJECUCI\u00d3N PRESUPUESTARIA ANUAL LIQUIDADO 2019 -\" \/>\n<meta property=\"og:description\" content=\"INGRESOS\u00a0 \u00a0 \u00a0 \u00a0 \u00a0 \u00a0 \u00a0 \u00a0 \u00a0 \u00a0 \u00a0 \u00a0 \u00a0 \u00a0 \u00a0 \u00a0 \u00a0 \u00a0 \u00a0\u00a0 GASTOS C\u00e9dula ingresos enero C\u00e9dula ingresos febrero C\u00e9dula ingresos marzo C\u00e9dula ingresos abril C\u00e9dula ingresos mayo C\u00e9dula ingresos junio C\u00e9dula ingresos julio C\u00e9dula ingresos agosto C\u00e9dula ingresos septiembre C\u00e9dula ingresos octubre C\u00e9dula ingreso noviembre C\u00e9dula ingreso [&hellip;]\" \/>\n<meta property=\"og:url\" content=\"https:\/\/gadcojimies.gob.ec\/manabi\/estado-de-ejecucion-presupuestaria-anual-liquidado-2019\/\" \/>\n<meta property=\"article:modified_time\" content=\"2022-04-14T19:08:49+00:00\" \/>\n<meta name=\"twitter:card\" content=\"summary_large_image\" \/>\n<meta name=\"twitter:label1\" content=\"Tiempo de lectura\" \/>\n\t<meta name=\"twitter:data1\" content=\"1 minuto\" \/>\n<script type=\"application\/ld+json\" class=\"yoast-schema-graph\">{\"@context\":\"https:\/\/schema.org\",\"@graph\":[{\"@type\":\"Organization\",\"@id\":\"https:\/\/gadcojimies.gob.ec\/manabi\/#organization\",\"name\":\"GAD Parroquial de Cojimies Manabi\",\"url\":\"https:\/\/gadcojimies.gob.ec\/manabi\/\",\"sameAs\":[],\"logo\":{\"@type\":\"ImageObject\",\"@id\":\"https:\/\/gadcojimies.gob.ec\/manabi\/#logo\",\"inLanguage\":\"es\",\"url\":\"https:\/\/gadcojimies.gob.ec\/manabi\/wp-content\/uploads\/2020\/03\/logoFooterAncho.png\",\"contentUrl\":\"https:\/\/gadcojimies.gob.ec\/manabi\/wp-content\/uploads\/2020\/03\/logoFooterAncho.png\",\"width\":220,\"height\":140,\"caption\":\"GAD Parroquial de Cojimies Manabi\"},\"image\":{\"@id\":\"https:\/\/gadcojimies.gob.ec\/manabi\/#logo\"}},{\"@type\":\"WebSite\",\"@id\":\"https:\/\/gadcojimies.gob.ec\/manabi\/#website\",\"url\":\"https:\/\/gadcojimies.gob.ec\/manabi\/\",\"name\":\"GAD parroquial de Cojim\\u00edes Manabi\",\"description\":\"Sitio Oficial de la Parroquia de Cojim\\u00edes Manabi\",\"publisher\":{\"@id\":\"https:\/\/gadcojimies.gob.ec\/manabi\/#organization\"},\"potentialAction\":[{\"@type\":\"SearchAction\",\"target\":{\"@type\":\"EntryPoint\",\"urlTemplate\":\"https:\/\/gadcojimies.gob.ec\/manabi\/?s={search_term_string}\"},\"query-input\":\"required name=search_term_string\"}],\"inLanguage\":\"es\"},{\"@type\":\"WebPage\",\"@id\":\"https:\/\/gadcojimies.gob.ec\/manabi\/estado-de-ejecucion-presupuestaria-anual-liquidado-2019\/#webpage\",\"url\":\"https:\/\/gadcojimies.gob.ec\/manabi\/estado-de-ejecucion-presupuestaria-anual-liquidado-2019\/\",\"name\":\"ESTADO DE EJECUCI\\u00d3N PRESUPUESTARIA ANUAL LIQUIDADO 2019 -\",\"isPartOf\":{\"@id\":\"https:\/\/gadcojimies.gob.ec\/manabi\/#website\"},\"datePublished\":\"2022-04-14T19:08:11+00:00\",\"dateModified\":\"2022-04-14T19:08:49+00:00\",\"breadcrumb\":{\"@id\":\"https:\/\/gadcojimies.gob.ec\/manabi\/estado-de-ejecucion-presupuestaria-anual-liquidado-2019\/#breadcrumb\"},\"inLanguage\":\"es\",\"potentialAction\":[{\"@type\":\"ReadAction\",\"target\":[\"https:\/\/gadcojimies.gob.ec\/manabi\/estado-de-ejecucion-presupuestaria-anual-liquidado-2019\/\"]}]},{\"@type\":\"BreadcrumbList\",\"@id\":\"https:\/\/gadcojimies.gob.ec\/manabi\/estado-de-ejecucion-presupuestaria-anual-liquidado-2019\/#breadcrumb\",\"itemListElement\":[{\"@type\":\"ListItem\",\"position\":1,\"name\":\"Home\",\"item\":\"https:\/\/gadcojimies.gob.ec\/manabi\/\"},{\"@type\":\"ListItem\",\"position\":2,\"name\":\"ESTADO DE EJECUCI\\u00d3N PRESUPUESTARIA ANUAL LIQUIDADO 2019\"}]}]}<\/script>\n<!-- \/ Yoast SEO plugin. -->","yoast_head_json":{"title":"ESTADO DE EJECUCI\u00d3N PRESUPUESTARIA ANUAL LIQUIDADO 2019 -","robots":{"index":"index","follow":"follow","max-snippet":"max-snippet:-1","max-image-preview":"max-image-preview:large","max-video-preview":"max-video-preview:-1"},"canonical":"https:\/\/gadcojimies.gob.ec\/manabi\/estado-de-ejecucion-presupuestaria-anual-liquidado-2019\/","og_locale":"es_ES","og_type":"article","og_title":"ESTADO DE EJECUCI\u00d3N PRESUPUESTARIA ANUAL LIQUIDADO 2019 -","og_description":"INGRESOS\u00a0 \u00a0 \u00a0 \u00a0 \u00a0 \u00a0 \u00a0 \u00a0 \u00a0 \u00a0 \u00a0 \u00a0 \u00a0 \u00a0 \u00a0 \u00a0 \u00a0 \u00a0 \u00a0\u00a0 GASTOS C\u00e9dula ingresos enero C\u00e9dula ingresos febrero C\u00e9dula ingresos marzo C\u00e9dula ingresos abril C\u00e9dula ingresos mayo C\u00e9dula ingresos junio C\u00e9dula ingresos julio C\u00e9dula ingresos agosto C\u00e9dula ingresos septiembre C\u00e9dula ingresos octubre C\u00e9dula ingreso noviembre C\u00e9dula ingreso [&hellip;]","og_url":"https:\/\/gadcojimies.gob.ec\/manabi\/estado-de-ejecucion-presupuestaria-anual-liquidado-2019\/","article_modified_time":"2022-04-14T19:08:49+00:00","twitter_card":"summary_large_image","twitter_misc":{"Tiempo de lectura":"1 minuto"},"schema":{"@context":"https:\/\/schema.org","@graph":[{"@type":"Organization","@id":"https:\/\/gadcojimies.gob.ec\/manabi\/#organization","name":"GAD Parroquial de Cojimies Manabi","url":"https:\/\/gadcojimies.gob.ec\/manabi\/","sameAs":[],"logo":{"@type":"ImageObject","@id":"https:\/\/gadcojimies.gob.ec\/manabi\/#logo","inLanguage":"es","url":"https:\/\/gadcojimies.gob.ec\/manabi\/wp-content\/uploads\/2020\/03\/logoFooterAncho.png","contentUrl":"https:\/\/gadcojimies.gob.ec\/manabi\/wp-content\/uploads\/2020\/03\/logoFooterAncho.png","width":220,"height":140,"caption":"GAD Parroquial de Cojimies Manabi"},"image":{"@id":"https:\/\/gadcojimies.gob.ec\/manabi\/#logo"}},{"@type":"WebSite","@id":"https:\/\/gadcojimies.gob.ec\/manabi\/#website","url":"https:\/\/gadcojimies.gob.ec\/manabi\/","name":"GAD parroquial de Cojim\u00edes Manabi","description":"Sitio Oficial de la Parroquia de Cojim\u00edes Manabi","publisher":{"@id":"https:\/\/gadcojimies.gob.ec\/manabi\/#organization"},"potentialAction":[{"@type":"SearchAction","target":{"@type":"EntryPoint","urlTemplate":"https:\/\/gadcojimies.gob.ec\/manabi\/?s={search_term_string}"},"query-input":"required name=search_term_string"}],"inLanguage":"es"},{"@type":"WebPage","@id":"https:\/\/gadcojimies.gob.ec\/manabi\/estado-de-ejecucion-presupuestaria-anual-liquidado-2019\/#webpage","url":"https:\/\/gadcojimies.gob.ec\/manabi\/estado-de-ejecucion-presupuestaria-anual-liquidado-2019\/","name":"ESTADO DE EJECUCI\u00d3N PRESUPUESTARIA ANUAL LIQUIDADO 2019 -","isPartOf":{"@id":"https:\/\/gadcojimies.gob.ec\/manabi\/#website"},"datePublished":"2022-04-14T19:08:11+00:00","dateModified":"2022-04-14T19:08:49+00:00","breadcrumb":{"@id":"https:\/\/gadcojimies.gob.ec\/manabi\/estado-de-ejecucion-presupuestaria-anual-liquidado-2019\/#breadcrumb"},"inLanguage":"es","potentialAction":[{"@type":"ReadAction","target":["https:\/\/gadcojimies.gob.ec\/manabi\/estado-de-ejecucion-presupuestaria-anual-liquidado-2019\/"]}]},{"@type":"BreadcrumbList","@id":"https:\/\/gadcojimies.gob.ec\/manabi\/estado-de-ejecucion-presupuestaria-anual-liquidado-2019\/#breadcrumb","itemListElement":[{"@type":"ListItem","position":1,"name":"Home","item":"https:\/\/gadcojimies.gob.ec\/manabi\/"},{"@type":"ListItem","position":2,"name":"ESTADO DE EJECUCI\u00d3N PRESUPUESTARIA ANUAL LIQUIDADO 2019"}]}]}},"_links":{"self":[{"href":"https:\/\/gadcojimies.gob.ec\/manabi\/wp-json\/wp\/v2\/pages\/5421","targetHints":{"allow":["GET"]}}],"collection":[{"href":"https:\/\/gadcojimies.gob.ec\/manabi\/wp-json\/wp\/v2\/pages"}],"about":[{"href":"https:\/\/gadcojimies.gob.ec\/manabi\/wp-json\/wp\/v2\/types\/page"}],"author":[{"embeddable":true,"href":"https:\/\/gadcojimies.gob.ec\/manabi\/wp-json\/wp\/v2\/users\/6"}],"replies":[{"embeddable":true,"href":"https:\/\/gadcojimies.gob.ec\/manabi\/wp-json\/wp\/v2\/comments?post=5421"}],"version-history":[{"count":2,"href":"https:\/\/gadcojimies.gob.ec\/manabi\/wp-json\/wp\/v2\/pages\/5421\/revisions"}],"predecessor-version":[{"id":5424,"href":"https:\/\/gadcojimies.gob.ec\/manabi\/wp-json\/wp\/v2\/pages\/5421\/revisions\/5424"}],"wp:attachment":[{"href":"https:\/\/gadcojimies.gob.ec\/manabi\/wp-json\/wp\/v2\/media?parent=5421"}],"curies":[{"name":"wp","href":"https:\/\/api.w.org\/{rel}","templated":true}]}}